{"id":13,"date":"2017-12-06T18:41:01","date_gmt":"2017-12-06T18:41:01","guid":{"rendered":"http:\/\/csattosilona.horvathkaroly.com\/?page_id=13"},"modified":"2025-12-09T16:19:57","modified_gmt":"2025-12-09T14:19:57","slug":"kapcsolat","status":"publish","type":"page","link":"https:\/\/triex.hu\/hu\/kapcsolat\/","title":{"rendered":"Kapcsolat"},"content":{"rendered":"<section class=\"wpb-content-wrapper\"><p>[vc_row full_width=&#8221;stretch_row_content_no_spaces&#8221; css=&#8221;.vc_custom_1549984600853{margin-top: 0px !important;padding-top: 0px !important;}&#8221;][vc_column][vc_raw_html css=&#8221;.vc_custom_1549986870725{margin-bottom: 0px !important;padding-bottom: 0px !important;}&#8221;]JTNDaWZyYW1lJTIwc3JjJTNEJTIyaHR0cHMlM0ElMkYlMkZ3d3cuZ29vZ2xlLmNvbSUyRm1hcHMlMkZlbWJlZCUzRnBiJTNEJTIxMW0xOCUyMTFtMTIlMjExbTMlMjExZDI3MDIuNzQ2NTUxNjk3ODg1NSUyMTJkMTguOTgzNTI1MzE2Mzg5NjI4JTIxM2Q0Ny4zNTgzNDU5NzkxNjg5OSUyMTJtMyUyMTFmMCUyMTJmMCUyMTNmMCUyMTNtMiUyMTFpMTAyNCUyMTJpNzY4JTIxNGYxMy4xJTIxM20zJTIxMW0yJTIxMXMweDQ3NDFlNWQyOTkyNjQyMjMlMjUzQTB4ZWE0NGI3ZmFhOWNjOWNiNSUyMTJzVHJpZXglMkJTJTI1QzMlMjVCQ3QlMjVDMyUyNUE5c3RlY2huaWthJTJCS2Z0JTIxNWUwJTIxM20yJTIxMXNodSUyMTJzaHUlMjE0djE1NDk5ODQ2NDY4NDUlMjIlMjB3aWR0aCUzRCUyMjEwMCUyNSUyMiUyMGhlaWdodCUzRCUyMjQwMCUyMiUyMGZyYW1lYm9yZGVyJTNEJTIyMCUyMiUyMHN0eWxlJTNEJTIyYm9yZGVyJTNBMCUyMiUyMGFsbG93ZnVsbHNjcmVlbiUzRSUzQyUyRmlmcmFtZSUzRQ==[\/vc_raw_html][\/vc_column][\/vc_row][vc_row type=&#8221;&#8221; animation=&#8221;&#8221; margin_top=&#8221;&#8221; margin_bottom=&#8221;&#8221; padding_top=&#8221;&#8221; padding_bottom=&#8221;&#8221; bg_position=&#8221;&#8221; bg_repeat=&#8221;&#8221; bg_cover=&#8221;&#8221; bg_attachment=&#8221;&#8221; bg_video_src_mp4=&#8221;&#8221; bg_video_src_ogv=&#8221;&#8221; bg_video_src_webm=&#8221;&#8221; css=&#8221;.vc_custom_1549986786835{border-bottom-width: 50px !important;padding-top: 40px !important;}&#8221; anchor=&#8221;&#8221; min_height=&#8221;&#8221; bg_image=&#8221;&#8221;][vc_column css=&#8221;.vc_custom_1512942228851{padding-top: 15px !important;}&#8221;][vc_row_inner][vc_column_inner width=&#8221;1\/4&#8243;][vc_single_image image=&#8221;1084&#8243; img_size=&#8221;full&#8221; alignment=&#8221;center&#8221;][\/vc_column_inner][vc_column_inner width=&#8221;1\/3&#8243;]<div class=\"aio-icon-component    style_1\"><div id=\"Info-box-wrap-9725\" class=\"aio-icon-box left-icon\" style=\"\"  ><div class=\"aio-icon-left\"><div class=\"ult-just-icon-wrapper  \"><div class=\"align-icon\" style=\"text-align:center;\">\n<div class=\"aio-icon circle \"  style=\"color:#ffffff;background:#9a8240;font-size:15px;display:inline-block;\">\n\t<i class=\"Defaults-map-marker\"><\/i>\n<\/div><\/div><\/div><\/div><div class=\"aio-ibd-block\"><div class=\"aio-icon-header\" ><h3 class=\"aio-icon-title ult-responsive\"  data-ultimate-target='#Info-box-wrap-9725 .aio-icon-title'  data-responsive-json-new='{\"font-size\":\"desktop:22px;\",\"line-height\":\"desktop:7px;\"}'  style=\"\">C\u00edm<\/h3><\/div> <!-- header --><div class=\"aio-icon-description ult-responsive\"  data-ultimate-target='#Info-box-wrap-9725 .aio-icon-description'  data-responsive-json-new='{\"font-size\":\"\",\"line-height\":\"\"}'  style=\"\">2314 Hal\u00e1sztelek, II. R\u00e1k\u00f3czi F. \u00fat 38.<\/div> <!-- description --><\/div> <!-- aio-ibd-block --><\/div> <!-- aio-icon-box --><\/div> <!-- aio-icon-component --><div class=\"aio-icon-component    style_1\"><div id=\"Info-box-wrap-9309\" class=\"aio-icon-box left-icon\" style=\"\"  ><div class=\"aio-icon-left\"><div class=\"ult-just-icon-wrapper  \"><div class=\"align-icon\" style=\"text-align:center;\">\n<div class=\"aio-icon circle \"  style=\"color:#ffffff;background:#9a8240;font-size:15px;display:inline-block;\">\n\t<i class=\"Defaults-phone\"><\/i>\n<\/div><\/div><\/div><\/div><div class=\"aio-ibd-block\"><div class=\"aio-icon-header\" ><h3 class=\"aio-icon-title ult-responsive\"  data-ultimate-target='#Info-box-wrap-9309 .aio-icon-title'  data-responsive-json-new='{\"font-size\":\"desktop:22px;\",\"line-height\":\"desktop:7px;\"}'  style=\"\">Telefonsz\u00e1m<\/h3><\/div> <!-- header --><div class=\"aio-icon-description ult-responsive\"  data-ultimate-target='#Info-box-wrap-9309 .aio-icon-description'  data-responsive-json-new='{\"font-size\":\"\",\"line-height\":\"\"}'  style=\"\">+36 24 452 647<\/div> <!-- description --><\/div> <!-- aio-ibd-block --><\/div> <!-- aio-icon-box --><\/div> <!-- aio-icon-component --><div class=\"aio-icon-component    style_1\"><div id=\"Info-box-wrap-9639\" class=\"aio-icon-box left-icon\" style=\"\"  ><div class=\"aio-icon-left\"><div class=\"ult-just-icon-wrapper  \"><div class=\"align-icon\" style=\"text-align:center;\">\n<div class=\"aio-icon circle \"  style=\"color:#ffffff;background:#9a8240;font-size:15px;display:inline-block;\">\n\t<i class=\"Defaults-envelope-o\"><\/i>\n<\/div><\/div><\/div><\/div><div class=\"aio-ibd-block\"><div class=\"aio-icon-header\" ><h3 class=\"aio-icon-title ult-responsive\"  data-ultimate-target='#Info-box-wrap-9639 .aio-icon-title'  data-responsive-json-new='{\"font-size\":\"desktop:22px;\",\"line-height\":\"desktop:7px;\"}'  style=\"\">E-mail<\/h3><\/div> <!-- header --><div class=\"aio-icon-description ult-responsive\"  data-ultimate-target='#Info-box-wrap-9639 .aio-icon-description'  data-responsive-json-new='{\"font-size\":\"\",\"line-height\":\"\"}'  style=\"\"><a href=\"mailto:info@triex.hu\">info@triex.hu<\/a><\/div> <!-- description --><\/div> <!-- aio-ibd-block --><\/div> <!-- aio-icon-box --><\/div> <!-- aio-icon-component -->[\/vc_column_inner][vc_column_inner width=&#8221;1\/3&#8243;]<div class=\"aio-icon-component    style_1\"><div id=\"Info-box-wrap-5740\" class=\"aio-icon-box left-icon\" style=\"\"  ><div class=\"aio-icon-left\"><div class=\"ult-just-icon-wrapper  \"><div class=\"align-icon\" style=\"text-align:center;\">\n<div class=\"aio-icon circle \"  style=\"color:#ffffff;background:#9a8240;font-size:15px;display:inline-block;\">\n\t<i class=\"Defaults-globe\"><\/i>\n<\/div><\/div><\/div><\/div><div class=\"aio-ibd-block\"><div class=\"aio-icon-header\" ><h3 class=\"aio-icon-title ult-responsive\"  data-ultimate-target='#Info-box-wrap-5740 .aio-icon-title'  data-responsive-json-new='{\"font-size\":\"desktop:22px;\",\"line-height\":\"desktop:7px;\"}'  style=\"\">Web<\/h3><\/div> <!-- header --><div class=\"aio-icon-description ult-responsive\"  data-ultimate-target='#Info-box-wrap-5740 .aio-icon-description'  data-responsive-json-new='{\"font-size\":\"\",\"line-height\":\"\"}'  style=\"\"><a href=\"http:\/\/triex.hu\/\" target=\"_blank\" rel=\"noopener\">triex.hu<\/a><\/div> <!-- description --><\/div> <!-- aio-ibd-block --><\/div> <!-- aio-icon-box --><\/div> <!-- aio-icon-component --><div class=\"aio-icon-component    style_1\"><div id=\"Info-box-wrap-4979\" class=\"aio-icon-box left-icon\" style=\"\"  ><div class=\"aio-icon-left\"><div class=\"ult-just-icon-wrapper  \"><div class=\"align-icon\" style=\"text-align:center;\">\n<div class=\"aio-icon circle \"  style=\"color:#ffffff;background:#9a8240;font-size:15px;display:inline-block;\">\n\t<i class=\"Defaults-bars navicon reorder\"><\/i>\n<\/div><\/div><\/div><\/div><div class=\"aio-ibd-block\"><div class=\"aio-icon-header\" ><h3 class=\"aio-icon-title ult-responsive\"  data-ultimate-target='#Info-box-wrap-4979 .aio-icon-title'  data-responsive-json-new='{\"font-size\":\"desktop:22px;\",\"line-height\":\"desktop:7px;\"}'  style=\"\">K\u00f6z\u00f6ss\u00e9gi ad\u00f3sz\u00e1m<\/h3><\/div> <!-- header --><div class=\"aio-icon-description ult-responsive\"  data-ultimate-target='#Info-box-wrap-4979 .aio-icon-description'  data-responsive-json-new='{\"font-size\":\"\",\"line-height\":\"\"}'  style=\"\">HU10352281<\/div> <!-- description --><\/div> <!-- aio-ibd-block --><\/div> <!-- aio-icon-box --><\/div> <!-- aio-icon-component --><div class=\"aio-icon-component    style_1\"><div id=\"Info-box-wrap-3098\" class=\"aio-icon-box left-icon\" style=\"\"  ><div class=\"aio-icon-left\"><div class=\"ult-just-icon-wrapper  \"><div class=\"align-icon\" style=\"text-align:center;\">\n<div class=\"aio-icon circle \"  style=\"color:#ffffff;background:#9a8240;font-size:15px;display:inline-block;\">\n\t<i class=\"Defaults-bars navicon reorder\"><\/i>\n<\/div><\/div><\/div><\/div><div class=\"aio-ibd-block\"><div class=\"aio-icon-header\" ><h3 class=\"aio-icon-title ult-responsive\"  data-ultimate-target='#Info-box-wrap-3098 .aio-icon-title'  data-responsive-json-new='{\"font-size\":\"desktop:22px;\",\"line-height\":\"desktop:7px;\"}'  style=\"\">Ad\u00f3sz\u00e1m<\/h3><\/div> <!-- header --><div class=\"aio-icon-description ult-responsive\"  data-ultimate-target='#Info-box-wrap-3098 .aio-icon-description'  data-responsive-json-new='{\"font-size\":\"\",\"line-height\":\"\"}'  style=\"\">10352281-2-13<\/div> <!-- description --><\/div> <!-- aio-ibd-block --><\/div> <!-- aio-icon-box --><\/div> <!-- aio-icon-component -->[\/vc_column_inner][\/vc_row_inner][\/vc_column][\/vc_row][vc_row bg_type=&#8221;bg_color&#8221; bg_override=&#8221;full&#8221; bg_color_value=&#8221;#f4f4f4&#8243; css=&#8221;.vc_custom_1549986938687{padding-top: 20px !important;}&#8221;][vc_column][vc_column_text css=&#8221;.vc_custom_1549986922448{margin-bottom: 10px !important;}&#8221;]<\/p>\n<h4 style=\"font-size: 32px; font-weight: 600; text-align: center;\">Munkat\u00e1rsaink el\u00e9rhet\u0151s\u00e9ge<\/h4>\n<p>[\/vc_column_text][vc_separator color=&#8221;custom&#8221; border_width=&#8221;5&#8243; el_width=&#8221;10&#8243; accent_color=&#8221;#9a8240&#8243; css=&#8221;.vc_custom_1549997828214{margin-bottom: 50px !important;}&#8221;][\/vc_column][\/vc_row][vc_row bg_type=&#8221;bg_color&#8221; bg_override=&#8221;full&#8221; type=&#8221;&#8221; animation=&#8221;&#8221; margin_top=&#8221;&#8221; margin_bottom=&#8221;&#8221; padding_top=&#8221;&#8221; padding_bottom=&#8221;&#8221; bg_position=&#8221;&#8221; bg_repeat=&#8221;&#8221; bg_cover=&#8221;&#8221; bg_attachment=&#8221;&#8221; bg_video_src_mp4=&#8221;&#8221; bg_video_src_ogv=&#8221;&#8221; bg_video_src_webm=&#8221;&#8221; css=&#8221;.vc_custom_1513519080035{border-bottom-width: 40px !important;}&#8221; anchor=&#8221;&#8221; min_height=&#8221;&#8221; bg_image=&#8221;&#8221; bg_color_value=&#8221;#f4f4f4&#8243;][vc_column][vc_row_inner css=&#8221;.vc_custom_1550488626161{margin-bottom: 50px !important;}&#8221;][vc_column_inner width=&#8221;1\/3&#8243;][vc_column_text css=&#8221;.vc_custom_1549985167975{margin-bottom: 5px !important;}&#8221;]<\/p>\n<h4 style=\"text-align: center; font-size: 24px; font-weight: 600;\">Szendr\u0151i Gyula<\/h4>\n<p>[\/vc_column_text][vc_column_text css=&#8221;.vc_custom_1549985199395{margin-bottom: 20px !important;}&#8221;]<\/p>\n<p style=\"text-align: center;\">\u00dcgyvezet\u0151<\/p>\n<p>[\/vc_column_text][vc_column_text css=&#8221;.vc_custom_1549985240633{margin-bottom: 10px !important;}&#8221;]<\/p>\n<p style=\"font-size: 18px; text-align: center;\"><i class=\"fa fa-phone\" aria-hidden=\"true\"><\/i> +36 24 452 647<\/p>\n<p>[\/vc_column_text][vc_column_text css=&#8221;.vc_custom_1549985296741{margin-bottom: 10px !important;}&#8221;]<\/p>\n<p style=\"font-size: 18px; text-align: center;\"><i class=\"fas fa-fax\" aria-hidden=\"true\"><\/i> +36 24 452 649<\/p>\n<p>[\/vc_column_text][vc_column_text]<\/p>\n<p style=\"font-size: 18px; text-align: center;\"><i class=\"far fa-envelope\" aria-hidden=\"true\"><\/i> triex@triex.hu<\/p>\n<p>[\/vc_column_text][\/vc_column_inner][vc_column_inner width=&#8221;1\/3&#8243;][vc_column_text css=&#8221;.vc_custom_1549985529550{margin-bottom: 5px !important;}&#8221;]<\/p>\n<h4 style=\"text-align: center; font-size: 24px; font-weight: 600;\">Szendr\u0151i Rich\u00e1rd<\/h4>\n<p>[\/vc_column_text][vc_column_text css=&#8221;.vc_custom_1570540420326{margin-bottom: 20px !important;}&#8221;]<\/p>\n<p style=\"text-align: center;\">Szervizvezet\u0151<\/p>\n<p>[\/vc_column_text][vc_column_text css=&#8221;.vc_custom_1549985564675{margin-bottom: 10px !important;}&#8221;]<\/p>\n<p style=\"font-size: 18px; text-align: center;\"><i class=\"fa fa-phone\" aria-hidden=\"true\"><\/i> +36 30 536 86 22<\/p>\n<p>[\/vc_column_text][vc_column_text]<\/p>\n<p style=\"font-size: 18px; text-align: center;\"><i class=\"far fa-envelope\" aria-hidden=\"true\"><\/i> triex@triex.hu<\/p>\n<p>[\/vc_column_text][\/vc_column_inner][vc_column_inner width=&#8221;1\/3&#8243;][vc_column_text css=&#8221;.vc_custom_1550488365526{margin-bottom: 5px !important;}&#8221;]<\/p>\n<h4 style=\"text-align: center; font-size: 24px; font-weight: 600;\">S\u00e1f\u00e1r Eszter<\/h4>\n<p>[\/vc_column_text][vc_column_text css=&#8221;.vc_custom_1550488379736{margin-bottom: 20px !important;}&#8221;]<\/p>\n<p style=\"text-align: center;\">Irodavezet\u0151<\/p>\n<p>[\/vc_column_text][vc_column_text css=&#8221;.vc_custom_1549985240633{margin-bottom: 10px !important;}&#8221;]<\/p>\n<p style=\"font-size: 18px; text-align: center;\"><i class=\"fa fa-phone\" aria-hidden=\"true\"><\/i> +36 24 452 647<\/p>\n<p>[\/vc_column_text][vc_column_text css=&#8221;.vc_custom_1549985296741{margin-bottom: 10px !important;}&#8221;]<\/p>\n<p style=\"font-size: 18px; text-align: center;\"><i class=\"fas fa-fax\" aria-hidden=\"true\"><\/i> +36 24 452 649<\/p>\n<p>[\/vc_column_text][vc_column_text]<\/p>\n<p style=\"font-size: 18px; text-align: center;\"><i class=\"far fa-envelope\" aria-hidden=\"true\"><\/i> triex@triex.hu<\/p>\n<p>[\/vc_column_text][\/vc_column_inner][\/vc_row_inner]<div class=\"ult-spacer spacer-69dbeae5356ac\" data-id=\"69dbeae5356ac\" data-height=\"25\" data-height-mobile=\"25\" data-height-tab=\"25\" data-height-tab-portrait=\"\" data-height-mobile-landscape=\"\" style=\"clear:both;display:block;\"><\/div>[\/vc_column][\/vc_row]<\/p>\n<\/section>","protected":false},"excerpt":{"rendered":"<p>[vc_row full_width=&#8221;stretch_row_content_no_spaces&#8221; css=&#8221;.vc_custom_1549984600853{margin-top: 0px !important;padding-top: 0px !important;}&#8221;][vc_column][vc_raw_html css=&#8221;.vc_custom_1549986870725{margin-bottom: 0px !important;padding-bottom: 0px !important;}&#8221;]JTNDaWZyYW1lJTIwc3JjJTNEJTIyaHR0cHMlM0ElMkYlMkZ3d3cuZ29vZ2xlLmNvbSUyRm1hcHMlMkZlbWJlZCUzRnBiJTNEJTIxMW0xOCUyMTFtMTIlMjExbTMlMjExZDI3MDIuNzQ2NTUxNjk3ODg1NSUyMTJkMTguOTgzNTI1MzE2Mzg5NjI4JTIxM2Q0Ny4zNTgzNDU5NzkxNjg5OSUyMTJtMyUyMTFmMCUyMTJmMCUyMTNmMCUyMTNtMiUyMTFpMTAyNCUyMTJpNzY4JTIxNGYxMy4xJTIxM20zJTIxMW0yJTIxMXMweDQ3NDFlNWQyOTkyNjQyMjMlMjUzQTB4ZWE0NGI3ZmFhOWNjOWNiNSUyMTJzVHJpZXglMkJTJTI1QzMlMjVCQ3QlMjVDMyUyNUE5c3RlY2huaWthJTJCS2Z0JTIxNWUwJTIxM20yJTIxMXNodSUyMTJzaHUlMjE0djE1NDk5ODQ2NDY4NDUlMjIlMjB3aWR0aCUzRCUyMjEwMCUyNSUyMiUyMGhlaWdodCUzRCUyMjQwMCUyMiUyMGZyYW1lYm9yZGVyJTNEJTIyMCUyMiUyMHN0eWxlJTNEJTIyYm9yZGVyJTNBMCUyMiUyMGFsbG93ZnVsbHNjcmVlbiUzRSUzQyUyRmlmcmFtZSUzRQ==[\/vc_raw_html][\/vc_column][\/vc_row][vc_row type=&#8221;&#8221; animation=&#8221;&#8221; margin_top=&#8221;&#8221; margin_bottom=&#8221;&#8221; padding_top=&#8221;&#8221; padding_bottom=&#8221;&#8221; bg_position=&#8221;&#8221; bg_repeat=&#8221;&#8221; bg_cover=&#8221;&#8221; bg_attachment=&#8221;&#8221; bg_video_src_mp4=&#8221;&#8221; bg_video_src_ogv=&#8221;&#8221; bg_video_src_webm=&#8221;&#8221; css=&#8221;.vc_custom_1549986786835{border-bottom-width: 50px !important;padding-top: 40px !important;}&#8221; anchor=&#8221;&#8221; min_height=&#8221;&#8221; bg_image=&#8221;&#8221;][vc_column css=&#8221;.vc_custom_1512942228851{padding-top: 15px !important;}&#8221;][vc_row_inner][vc_column_inner width=&#8221;1\/4&#8243;][vc_single_image image=&#8221;1084&#8243; img_size=&#8221;full&#8221; alignment=&#8221;center&#8221;][\/vc_column_inner][vc_column_inner width=&#8221;1\/3&#8243;][\/vc_column_inner][vc_column_inner width=&#8221;1\/3&#8243;][\/vc_column_inner][\/vc_row_inner][\/vc_column][\/vc_row][vc_row bg_type=&#8221;bg_color&#8221; bg_override=&#8221;full&#8221; bg_color_value=&#8221;#f4f4f4&#8243; css=&#8221;.vc_custom_1549986938687{padding-top: 20px !important;}&#8221;][vc_column][vc_column_text css=&#8221;.vc_custom_1549986922448{margin-bottom: 10px !important;}&#8221;] Munkat\u00e1rsaink el\u00e9rhet\u0151s\u00e9ge [\/vc_column_text][vc_separator color=&#8221;custom&#8221;&hellip;<\/p>\n","protected":false},"author":1,"featured_media":0,"parent":0,"menu_order":0,"comment_status":"closed","ping_status":"closed","template":"","meta":[],"_links":{"self":[{"href":"https:\/\/triex.hu\/hu\/wp-json\/wp\/v2\/pages\/13"}],"collection":[{"href":"https:\/\/triex.hu\/hu\/wp-json\/wp\/v2\/pages"}],"about":[{"href":"https:\/\/triex.hu\/hu\/wp-json\/wp\/v2\/types\/page"}],"author":[{"embeddable":true,"href":"https:\/\/triex.hu\/hu\/wp-json\/wp\/v2\/users\/1"}],"replies":[{"embeddable":true,"href":"https:\/\/triex.hu\/hu\/wp-json\/wp\/v2\/comments?post=13"}],"version-history":[{"count":4,"href":"https:\/\/triex.hu\/hu\/wp-json\/wp\/v2\/pages\/13\/revisions"}],"predecessor-version":[{"id":1486,"href":"https:\/\/triex.hu\/hu\/wp-json\/wp\/v2\/pages\/13\/revisions\/1486"}],"wp:attachment":[{"href":"https:\/\/triex.hu\/hu\/wp-json\/wp\/v2\/media?parent=13"}],"curies":[{"name":"wp","href":"https:\/\/api.w.org\/{rel}","templated":true}]}}