{"id":35,"date":"2017-12-06T20:27:44","date_gmt":"2017-12-06T20:27:44","guid":{"rendered":"http:\/\/csattosilona.horvathkaroly.com\/?page_id=35"},"modified":"2025-12-09T16:20:49","modified_gmt":"2025-12-09T14:20:49","slug":"fooldal","status":"publish","type":"page","link":"https:\/\/triex.hu\/hu\/","title":{"rendered":"F\u0151oldal"},"content":{"rendered":"<section class=\"wpb-content-wrapper\"><p>[vc_row css=&#8221;.vc_custom_1513006521365{padding-top: 40px !important;padding-bottom: 40px !important;}&#8221;][vc_column][vc_column_text css=&#8221;.vc_custom_1549997111930{margin-bottom: 10px !important;}&#8221;]<\/p>\n<h1 style=\"text-align: left;\">Bemutatkoz\u00e1s<\/h1>\n<p>[\/vc_column_text][vc_separator color=&#8221;custom&#8221; align=&#8221;align_left&#8221; border_width=&#8221;5&#8243; el_width=&#8221;10&#8243; accent_color=&#8221;#9a8240&#8243;][vc_row_inner][vc_column_inner][vc_column_text css=&#8221;.vc_custom_1550571683410{margin-bottom: 12px !important;}&#8221;]<\/p>\n<p style=\"text-align: justify;\"><img decoding=\"async\" loading=\"lazy\" class=\"size-full wp-image-1084 alignright\" src=\"https:\/\/triex.hu\/hu\/wp-content\/uploads\/2019\/02\/logo.png\" alt=\"\" width=\"150\" height=\"150\" \/>A\u00a0<strong>TRIEX Kereskedelmi Kft.<\/strong>\u00a01990 \u00f3ta a\u00a0<a href=\"http:\/\/sutestechnika.hu\" target=\"_blank\" rel=\"noopener\">s\u00fct\u00e9stechnikai g\u00e9pek<\/a>\u00a0piac\u00e1n szolg\u00e1lja el\u00e9gedett vev\u0151i k\u00f6r\u00e9t. Az alaptev\u00e9kenys\u00e9g\u00fcnk a malom- \u00e9s s\u00fct\u0151ipari g\u00e9pek, technol\u00f3gi\u00e1k tervez\u00e9se, forgalmaz\u00e1sa, gy\u00e1rt\u00e1sa, \u00f6sszeszerel\u00e9se, valamint szervizel\u00e9se tov\u00e1bb\u00e1 az \u00e9lelmiszeripari projekt menedzsment. Az energia\u00e1rak n\u00f6veked\u00e9se, maga ut\u00e1n hozza az energiaig\u00e9nyek cs\u00f6kkent\u00e9s\u00e9nek vizsg\u00e1lat\u00e1t. C\u00e9g\u00fcnk az ut\u00f3bbi gondolatot megragadva b\u0151v\u00edtette tev\u00e9kenys\u00e9gi k\u00f6r\u00e9t az \u00e9p\u00fcletenergetika, g\u00e9p\u00e9szeti tervez\u00e9s \u00e9s energetikai projekt menedzsment ir\u00e1ny\u00e1ba.<\/p>\n<p style=\"text-align: justify;\">A v\u00e1llalkoz\u00e1s az el\u0151z\u0151 \u00e9vekben\u00a0GOP\u00a0\u00e9s\u00a0KEOP p\u00e1ly\u00e1zatokkal\u00a0is foglalkozott. A\u00a0KEOP p\u00e1ly\u00e1zaton elnyert\u00a0t\u00e1mogat\u00e1sok keret\u00e9ben j\u00f3 min\u0151s\u00e9g\u0171, \u00e9s m\u0171szaki param\u00e9terekkel rendelkez\u0151 f\u00fcstg\u00e1z h\u0151hasznos\u00edt\u00f3 berendez\u00e9seket telep\u00edtett. A piaci k\u00f6r\u00fclm\u00e9nyeket \u00e9s a lehet\u0151s\u00e9geket figyelembe v\u00e9ve c\u00e9lunk az, hogy Partnereink sz\u00e1m\u00e1ra seg\u00edts\u00e9get ny\u00fajtsunk, menedzselj\u00fcnk , illetve a megfelel\u0151 m\u0171szaki megold\u00e1st k\u00edn\u00e1ljuk egy adott feladat sikeres lebonyol\u00edt\u00e1s\u00e1ban.<\/p>\n<p>C\u00e9g\u00fcnk az tov\u00e1bbra is k\u00e9szs\u00e9ggel \u00e1ll rendelkez\u00e9s\u00e9re minden megl\u00e9v\u0151, \u00e9s leend\u0151 \u00dcgyfel\u00fcnk sz\u00e1m\u00e1ra!<\/p>\n<p><em>\u00dcdv\u00f6zlettel:<\/em><br \/>\n<em><strong>Szendr\u0151i Gyula<\/strong><\/em><br \/>\n<em>\u00fcgyvezet\u0151<\/em>[\/vc_column_text][\/vc_column_inner][\/vc_row_inner]<div class=\"ult-spacer spacer-69e4976e9aef9\" data-id=\"69e4976e9aef9\" data-height=\"10\" data-height-mobile=\"10\" data-height-tab=\"10\" data-height-tab-portrait=\"\" data-height-mobile-landscape=\"\" style=\"clear:both;display:block;\"><\/div>[\/vc_column][\/vc_row][vc_row bg_type=&#8221;bg_color&#8221; bg_override=&#8221;full&#8221; type=&#8221;&#8221; animation=&#8221;&#8221; margin_top=&#8221;&#8221; margin_bottom=&#8221;&#8221; padding_top=&#8221;&#8221; padding_bottom=&#8221;&#8221; bg_position=&#8221;&#8221; bg_repeat=&#8221;&#8221; bg_cover=&#8221;&#8221; bg_attachment=&#8221;&#8221; bg_video_src_mp4=&#8221;&#8221; bg_video_src_ogv=&#8221;&#8221; bg_video_src_webm=&#8221;&#8221; css=&#8221;.vc_custom_1550005332518{border-bottom-width: 40px !important;}&#8221; anchor=&#8221;&#8221; min_height=&#8221;&#8221; bg_image=&#8221;&#8221; bg_color_value=&#8221;#f4f4f4&#8243;][vc_column css=&#8221;.vc_custom_1513079227288{padding-top: 40px !important;}&#8221;][vc_row_inner][vc_column_inner][vc_column_text css=&#8221;.vc_custom_1549997326900{margin-bottom: 13px !important;}&#8221;]<\/p>\n<h1 style=\"text-align: left;\">Megold\u00e1saink<\/h1>\n<p>[\/vc_column_text][vc_separator color=&#8221;custom&#8221; align=&#8221;align_left&#8221; border_width=&#8221;5&#8243; el_width=&#8221;10&#8243; accent_color=&#8221;#9a8240&#8243;][\/vc_column_inner][\/vc_row_inner]<div class=\"ult-spacer spacer-69e4976e9af0d\" data-id=\"69e4976e9af0d\" data-height=\"15\" data-height-mobile=\"15\" data-height-tab=\"15\" data-height-tab-portrait=\"\" data-height-mobile-landscape=\"\" style=\"clear:both;display:block;\"><\/div>[vc_row_inner css=&#8221;.vc_custom_1550004782073{padding-bottom: 25px !important;}&#8221;][vc_column_inner width=&#8221;1\/3&#8243;]<div class=\"aio-icon-component    style_1\"><a class=\"aio-icon-box-link\" href=\"https:\/\/triex.hu\/hu\/megoldasaink\/hulladekho-hasznositas\/\" ><div id=\"Info-box-wrap-1966\" class=\"aio-icon-box top-icon\" style=\"\"  ><div class=\"aio-icon-top\"><div class=\"ult-just-icon-wrapper  \"><div class=\"align-icon\" style=\"text-align:center;\">\n<div class=\"aio-icon circle \"  style=\"color:#ffffff;background:#9a8240;font-size:45px;display:inline-block;\">\n\t<i class=\"Defaults-trash-o\"><\/i>\n<\/div><\/div><\/div><\/div><div class=\"aio-icon-header\" ><h3 class=\"aio-icon-title ult-responsive\"  data-ultimate-target='#Info-box-wrap-1966 .aio-icon-title'  data-responsive-json-new='{\"font-size\":\"desktop:25px;\",\"line-height\":\"desktop:25px;\"}'  style=\"\">Hullad\u00e9kh\u0151 hasznos\u00edt\u00e1s<\/h3><\/div> <!-- header --><\/div> <!-- aio-icon-box --><\/a><\/div> <!-- aio-icon-component -->[\/vc_column_inner][vc_column_inner width=&#8221;1\/3&#8243;]<div class=\"aio-icon-component    style_1\"><a class=\"aio-icon-box-link\" href=\"https:\/\/triex.hu\/hu\/megoldasaink\/napelem\/\" ><div id=\"Info-box-wrap-8801\" class=\"aio-icon-box top-icon\" style=\"\"  ><div class=\"aio-icon-top\"><div class=\"ult-just-icon-wrapper  \"><div class=\"align-icon\" style=\"text-align:center;\">\n<div class=\"aio-icon circle \"  style=\"color:#ffffff;background:#9a8240;font-size:45px;display:inline-block;\">\n\t<i class=\"Defaults-th\"><\/i>\n<\/div><\/div><\/div><\/div><div class=\"aio-icon-header\" ><h3 class=\"aio-icon-title ult-responsive\"  data-ultimate-target='#Info-box-wrap-8801 .aio-icon-title'  data-responsive-json-new='{\"font-size\":\"desktop:22px;\",\"line-height\":\"desktop:25px;\"}'  style=\"\">Napelem<\/h3><\/div> <!-- header --><\/div> <!-- aio-icon-box --><\/a><\/div> <!-- aio-icon-component -->[\/vc_column_inner][vc_column_inner width=&#8221;1\/3&#8243;]<div class=\"aio-icon-component    style_1\"><a class=\"aio-icon-box-link\" href=\"https:\/\/triex.hu\/hu\/megoldasaink\/futestechnika\/\" ><div id=\"Info-box-wrap-9008\" class=\"aio-icon-box top-icon\" style=\"\"  ><div class=\"aio-icon-top\"><div class=\"ult-just-icon-wrapper  \"><div class=\"align-icon\" style=\"text-align:center;\">\n<div class=\"aio-icon circle \"  style=\"color:#ffffff;background:#9a8240;font-size:45px;display:inline-block;\">\n\t<i class=\"Defaults-fire\"><\/i>\n<\/div><\/div><\/div><\/div><div class=\"aio-icon-header\" ><h3 class=\"aio-icon-title ult-responsive\"  data-ultimate-target='#Info-box-wrap-9008 .aio-icon-title'  data-responsive-json-new='{\"font-size\":\"desktop:22px;\",\"line-height\":\"desktop:25px;\"}'  style=\"\">F\u0171t\u00e9stechnika<\/h3><\/div> <!-- header --><\/div> <!-- aio-icon-box --><\/a><\/div> <!-- aio-icon-component -->[\/vc_column_inner][\/vc_row_inner][vc_row_inner css=&#8221;.vc_custom_1550004819454{padding-bottom: 25px !important;}&#8221;][vc_column_inner width=&#8221;1\/2&#8243;]<div class=\"aio-icon-component    style_1\"><a class=\"aio-icon-box-link\" href=\"https:\/\/triex.hu\/hu\/megoldasaink\/altalanos-szellozes\/\" ><div id=\"Info-box-wrap-4086\" class=\"aio-icon-box top-icon\" style=\"\"  ><div class=\"aio-icon-top\"><div class=\"ult-just-icon-wrapper  \"><div class=\"align-icon\" style=\"text-align:center;\">\n<div class=\"aio-icon circle \"  style=\"color:#ffffff;background:#9a8240;font-size:45px;display:inline-block;\">\n\t<i class=\"Defaults-spinner\"><\/i>\n<\/div><\/div><\/div><\/div><div class=\"aio-icon-header\" ><h3 class=\"aio-icon-title ult-responsive\"  data-ultimate-target='#Info-box-wrap-4086 .aio-icon-title'  data-responsive-json-new='{\"font-size\":\"desktop:20px;\",\"line-height\":\"desktop:25px;\"}'  style=\"\">\u00c1ltal\u00e1nos szell\u0151z\u00e9s<\/h3><\/div> <!-- header --><\/div> <!-- aio-icon-box --><\/a><\/div> <!-- aio-icon-component -->[\/vc_column_inner][vc_column_inner width=&#8221;1\/2&#8243;]<div class=\"aio-icon-component    style_1\"><a class=\"aio-icon-box-link\" href=\"https:\/\/triex.hu\/hu\/megoldasaink\/gozelvezetes\/\" ><div id=\"Info-box-wrap-3968\" class=\"aio-icon-box top-icon\" style=\"\"  ><div class=\"aio-icon-top\"><div class=\"ult-just-icon-wrapper  \"><div class=\"align-icon\" style=\"text-align:center;\">\n<div class=\"aio-icon circle \"  style=\"color:#ffffff;background:#9a8240;font-size:45px;display:inline-block;\">\n\t<i class=\"Defaults-angle-down\"><\/i>\n<\/div><\/div><\/div><\/div><div class=\"aio-icon-header\" ><h3 class=\"aio-icon-title ult-responsive\"  data-ultimate-target='#Info-box-wrap-3968 .aio-icon-title'  data-responsive-json-new='{\"font-size\":\"desktop:22px;\",\"line-height\":\"desktop:25px;\"}'  style=\"\">G\u0151zelvezet\u00e9s<\/h3><\/div> <!-- header --><\/div> <!-- aio-icon-box --><\/a><\/div> <!-- aio-icon-component -->[\/vc_column_inner][\/vc_row_inner]<div class=\"ult-spacer spacer-69e4976e9b1e3\" data-id=\"69e4976e9b1e3\" data-height=\"30\" data-height-mobile=\"30\" data-height-tab=\"30\" data-height-tab-portrait=\"\" data-height-mobile-landscape=\"\" style=\"clear:both;display:block;\"><\/div>[\/vc_column][\/vc_row][vc_row type=&#8221;&#8221; animation=&#8221;&#8221; margin_top=&#8221;&#8221; margin_bottom=&#8221;&#8221; padding_top=&#8221;&#8221; padding_bottom=&#8221;&#8221; bg_position=&#8221;&#8221; bg_repeat=&#8221;&#8221; bg_cover=&#8221;&#8221; bg_attachment=&#8221;&#8221; bg_video_src_mp4=&#8221;&#8221; bg_video_src_ogv=&#8221;&#8221; bg_video_src_webm=&#8221;&#8221; css=&#8221;.vc_custom_1549986786835{border-bottom-width: 50px !important;padding-top: 40px !important;}&#8221; anchor=&#8221;&#8221; min_height=&#8221;&#8221; bg_image=&#8221;&#8221;][vc_column css=&#8221;.vc_custom_1512942228851{padding-top: 15px !important;}&#8221;][vc_column_text css=&#8221;.vc_custom_1549997155337{margin-bottom: 10px !important;}&#8221;]<\/p>\n<h1 style=\"text-align: left;\">Kapcsolat<\/h1>\n<p>[\/vc_column_text][vc_separator color=&#8221;custom&#8221; align=&#8221;align_left&#8221; border_width=&#8221;5&#8243; el_width=&#8221;10&#8243; accent_color=&#8221;#9a8240&#8243; css=&#8221;.vc_custom_1549997225750{margin-bottom: 45px !important;}&#8221;][vc_row_inner css=&#8221;.vc_custom_1549997174858{margin-top: 15px !important;}&#8221;][vc_column_inner width=&#8221;1\/6&#8243; css=&#8221;.vc_custom_1549996811664{padding-right: 5px !important;padding-left: 5px !important;}&#8221;][vc_single_image image=&#8221;1084&#8243; img_size=&#8221;full&#8221; alignment=&#8221;center&#8221;][\/vc_column_inner][vc_column_inner width=&#8221;1\/3&#8243;]<div class=\"aio-icon-component  vc_custom_1765290030299   style_1\"><div id=\"Info-box-wrap-9219\" class=\"aio-icon-box left-icon\" style=\"\"  ><div class=\"aio-icon-left\"><div class=\"ult-just-icon-wrapper  \"><div class=\"align-icon\" style=\"text-align:center;\">\n<div class=\"aio-icon circle \"  style=\"color:#ffffff;background:#9a8240;font-size:15px;display:inline-block;\">\n\t<i class=\"Defaults-map-marker\"><\/i>\n<\/div><\/div><\/div><\/div><div class=\"aio-ibd-block\"><div class=\"aio-icon-header\" ><h3 class=\"aio-icon-title ult-responsive\"  data-ultimate-target='#Info-box-wrap-9219 .aio-icon-title'  data-responsive-json-new='{\"font-size\":\"desktop:22px;\",\"line-height\":\"desktop:7px;\"}'  style=\"\">C\u00edm<\/h3><\/div> <!-- header --><div class=\"aio-icon-description ult-responsive\"  data-ultimate-target='#Info-box-wrap-9219 .aio-icon-description'  data-responsive-json-new='{\"font-size\":\"\",\"line-height\":\"\"}'  style=\"\">2134 Hal\u00e1sztelek<br \/>\nII. R\u00e1k\u00f3czi F u. 38.<\/div> <!-- description --><\/div> <!-- aio-ibd-block --><\/div> <!-- aio-icon-box --><\/div> <!-- aio-icon-component --><div class=\"aio-icon-component  vc_custom_1550488138395   style_1\"><div id=\"Info-box-wrap-4109\" class=\"aio-icon-box left-icon\" style=\"\"  ><div class=\"aio-icon-left\"><div class=\"ult-just-icon-wrapper  \"><div class=\"align-icon\" style=\"text-align:center;\">\n<div class=\"aio-icon circle \"  style=\"color:#ffffff;background:#9a8240;font-size:15px;display:inline-block;\">\n\t<i class=\"Defaults-phone\"><\/i>\n<\/div><\/div><\/div><\/div><div class=\"aio-ibd-block\"><div class=\"aio-icon-header\" ><h3 class=\"aio-icon-title ult-responsive\"  data-ultimate-target='#Info-box-wrap-4109 .aio-icon-title'  data-responsive-json-new='{\"font-size\":\"desktop:22px;\",\"line-height\":\"desktop:7px;\"}'  style=\"\">Telefonsz\u00e1m<\/h3><\/div> <!-- header --><div class=\"aio-icon-description ult-responsive\"  data-ultimate-target='#Info-box-wrap-4109 .aio-icon-description'  data-responsive-json-new='{\"font-size\":\"\",\"line-height\":\"\"}'  style=\"\">+36 24 452 647<\/div> <!-- description --><\/div> <!-- aio-ibd-block --><\/div> <!-- aio-icon-box --><\/div> <!-- aio-icon-component --><div class=\"aio-icon-component  vc_custom_1550488144026   style_1\"><div id=\"Info-box-wrap-7207\" class=\"aio-icon-box left-icon\" style=\"\"  ><div class=\"aio-icon-left\"><div class=\"ult-just-icon-wrapper  \"><div class=\"align-icon\" style=\"text-align:center;\">\n<div class=\"aio-icon circle \"  style=\"color:#ffffff;background:#9a8240;font-size:15px;display:inline-block;\">\n\t<i class=\"Defaults-envelope-o\"><\/i>\n<\/div><\/div><\/div><\/div><div class=\"aio-ibd-block\"><div class=\"aio-icon-header\" ><h3 class=\"aio-icon-title ult-responsive\"  data-ultimate-target='#Info-box-wrap-7207 .aio-icon-title'  data-responsive-json-new='{\"font-size\":\"desktop:22px;\",\"line-height\":\"desktop:7px;\"}'  style=\"\">E-mail<\/h3><\/div> <!-- header --><div class=\"aio-icon-description ult-responsive\"  data-ultimate-target='#Info-box-wrap-7207 .aio-icon-description'  data-responsive-json-new='{\"font-size\":\"\",\"line-height\":\"\"}'  style=\"\"><a href=\"mailto:info@triex.hu\">info@triex.hu<\/a><\/div> <!-- description --><\/div> <!-- aio-ibd-block --><\/div> <!-- aio-icon-box --><\/div> <!-- aio-icon-component -->[\/vc_column_inner][vc_column_inner width=&#8221;1\/3&#8243;]<div class=\"aio-icon-component  vc_custom_1550488149017   style_1\"><div id=\"Info-box-wrap-6348\" class=\"aio-icon-box left-icon\" style=\"\"  ><div class=\"aio-icon-left\"><div class=\"ult-just-icon-wrapper  \"><div class=\"align-icon\" style=\"text-align:center;\">\n<div class=\"aio-icon circle \"  style=\"color:#ffffff;background:#9a8240;font-size:15px;display:inline-block;\">\n\t<i class=\"Defaults-globe\"><\/i>\n<\/div><\/div><\/div><\/div><div class=\"aio-ibd-block\"><div class=\"aio-icon-header\" ><h3 class=\"aio-icon-title ult-responsive\"  data-ultimate-target='#Info-box-wrap-6348 .aio-icon-title'  data-responsive-json-new='{\"font-size\":\"desktop:22px;\",\"line-height\":\"desktop:7px;\"}'  style=\"\">Web<\/h3><\/div> <!-- header --><div class=\"aio-icon-description ult-responsive\"  data-ultimate-target='#Info-box-wrap-6348 .aio-icon-description'  data-responsive-json-new='{\"font-size\":\"\",\"line-height\":\"\"}'  style=\"\"><a href=\"http:\/\/triex.hu\/\" target=\"_blank\" rel=\"noopener\">triex.hu<\/a><\/div> <!-- description --><\/div> <!-- aio-ibd-block --><\/div> <!-- aio-icon-box --><\/div> <!-- aio-icon-component --><div class=\"aio-icon-component  vc_custom_1550488153533   style_1\"><div id=\"Info-box-wrap-9555\" class=\"aio-icon-box left-icon\" style=\"\"  ><div class=\"aio-icon-left\"><div class=\"ult-just-icon-wrapper  \"><div class=\"align-icon\" style=\"text-align:center;\">\n<div class=\"aio-icon circle \"  style=\"color:#ffffff;background:#9a8240;font-size:15px;display:inline-block;\">\n\t<i class=\"Defaults-bars navicon reorder\"><\/i>\n<\/div><\/div><\/div><\/div><div class=\"aio-ibd-block\"><div class=\"aio-icon-header\" ><h3 class=\"aio-icon-title ult-responsive\"  data-ultimate-target='#Info-box-wrap-9555 .aio-icon-title'  data-responsive-json-new='{\"font-size\":\"desktop:22px;\",\"line-height\":\"desktop:7px;\"}'  style=\"\">K\u00f6z\u00f6ss\u00e9gi ad\u00f3sz\u00e1m<\/h3><\/div> <!-- header --><div class=\"aio-icon-description ult-responsive\"  data-ultimate-target='#Info-box-wrap-9555 .aio-icon-description'  data-responsive-json-new='{\"font-size\":\"\",\"line-height\":\"\"}'  style=\"\">HU10352281<\/div> <!-- description --><\/div> <!-- aio-ibd-block --><\/div> <!-- aio-icon-box --><\/div> <!-- aio-icon-component --><div class=\"aio-icon-component    style_1\"><div id=\"Info-box-wrap-9959\" class=\"aio-icon-box left-icon\" style=\"\"  ><div class=\"aio-icon-left\"><div class=\"ult-just-icon-wrapper  \"><div class=\"align-icon\" style=\"text-align:center;\">\n<div class=\"aio-icon circle \"  style=\"color:#ffffff;background:#9a8240;font-size:15px;display:inline-block;\">\n\t<i class=\"Defaults-bars navicon reorder\"><\/i>\n<\/div><\/div><\/div><\/div><div class=\"aio-ibd-block\"><div class=\"aio-icon-header\" ><h3 class=\"aio-icon-title ult-responsive\"  data-ultimate-target='#Info-box-wrap-9959 .aio-icon-title'  data-responsive-json-new='{\"font-size\":\"desktop:22px;\",\"line-height\":\"desktop:7px;\"}'  style=\"\">Ad\u00f3sz\u00e1m<\/h3><\/div> <!-- header --><div class=\"aio-icon-description ult-responsive\"  data-ultimate-target='#Info-box-wrap-9959 .aio-icon-description'  data-responsive-json-new='{\"font-size\":\"\",\"line-height\":\"\"}'  style=\"\">10352281-2-13<\/div> <!-- description --><\/div> <!-- aio-ibd-block --><\/div> <!-- aio-icon-box --><\/div> <!-- aio-icon-component -->[\/vc_column_inner][vc_column_inner width=&#8221;1\/6&#8243;]<style type=\"text\/css\" data-type=\"the7_shortcodes-inline-css\">#default-btn-54a17774b2eec0597c8cfc30098fed3a.ico-right-side > i {\n  margin-right: 0px;\n  margin-left: 8px;\n}\n#default-btn-54a17774b2eec0597c8cfc30098fed3a > i {\n  margin-right: 8px;\n}\n<\/style><div class=\"btn-align-center\"><a href=\"https:\/\/triex.hu\/hu\/ajanlatkeres\/\" class=\"default-btn-shortcode dt-btn dt-btn-l link-hover-off full-width-btn \" id=\"default-btn-54a17774b2eec0597c8cfc30098fed3a\"><span>\u00c1raj\u00e1nlatk\u00e9r\u00e9s<\/span><\/a><\/div>[\/vc_column_inner][\/vc_row_inner][\/vc_column][\/vc_row][vc_row full_width=&#8221;stretch_row_content_no_spaces&#8221; css=&#8221;.vc_custom_1549996173701{margin-top: 0px !important;margin-bottom: 0px !important;padding-top: 0px !important;padding-bottom: 0px !important;}&#8221;][vc_column css=&#8221;.vc_custom_1549996168400{margin-bottom: 0px !important;padding-bottom: 0px !important;}&#8221;][vc_raw_html css=&#8221;.vc_custom_1549986870725{margin-bottom: 0px !important;padding-bottom: 0px !important;}&#8221;]JTNDaWZyYW1lJTIwc3JjJTNEJTIyaHR0cHMlM0ElMkYlMkZ3d3cuZ29vZ2xlLmNvbSUyRm1hcHMlMkZlbWJlZCUzRnBiJTNEJTIxMW0xOCUyMTFtMTIlMjExbTMlMjExZDI3MDIuNzQ2NTUxNjk3ODg1NSUyMTJkMTguOTgzNTI1MzE2Mzg5NjI4JTIxM2Q0Ny4zNTgzNDU5NzkxNjg5OSUyMTJtMyUyMTFmMCUyMTJmMCUyMTNmMCUyMTNtMiUyMTFpMTAyNCUyMTJpNzY4JTIxNGYxMy4xJTIxM20zJTIxMW0yJTIxMXMweDQ3NDFlNWQyOTkyNjQyMjMlMjUzQTB4ZWE0NGI3ZmFhOWNjOWNiNSUyMTJzVHJpZXglMkJTJTI1QzMlMjVCQ3QlMjVDMyUyNUE5c3RlY2huaWthJTJCS2Z0JTIxNWUwJTIxM20yJTIxMXNodSUyMTJzaHUlMjE0djE1NDk5ODQ2NDY4NDUlMjIlMjB3aWR0aCUzRCUyMjEwMCUyNSUyMiUyMGhlaWdodCUzRCUyMjQwMCUyMiUyMGZyYW1lYm9yZGVyJTNEJTIyMCUyMiUyMHN0eWxlJTNEJTIyYm9yZGVyJTNBMCUyMiUyMGFsbG93ZnVsbHNjcmVlbiUzRSUzQyUyRmlmcmFtZSUzRQ==[\/vc_raw_html][\/vc_column][\/vc_row]<\/p>\n<\/section>","protected":false},"excerpt":{"rendered":"<p>[vc_row css=&#8221;.vc_custom_1513006521365{padding-top: 40px !important;padding-bottom: 40px !important;}&#8221;][vc_column][vc_column_text css=&#8221;.vc_custom_1549997111930{margin-bottom: 10px !important;}&#8221;] Bemutatkoz\u00e1s [\/vc_column_text][vc_separator color=&#8221;custom&#8221; align=&#8221;align_left&#8221; border_width=&#8221;5&#8243; el_width=&#8221;10&#8243; accent_color=&#8221;#9a8240&#8243;][vc_row_inner][vc_column_inner][vc_column_text css=&#8221;.vc_custom_1550571683410{margin-bottom: 12px !important;}&#8221;] A\u00a0TRIEX Kereskedelmi Kft.\u00a01990 \u00f3ta a\u00a0s\u00fct\u00e9stechnikai g\u00e9pek\u00a0piac\u00e1n szolg\u00e1lja el\u00e9gedett vev\u0151i k\u00f6r\u00e9t. Az alaptev\u00e9kenys\u00e9g\u00fcnk a malom- \u00e9s s\u00fct\u0151ipari g\u00e9pek, technol\u00f3gi\u00e1k tervez\u00e9se, forgalmaz\u00e1sa, gy\u00e1rt\u00e1sa, \u00f6sszeszerel\u00e9se, valamint szervizel\u00e9se tov\u00e1bb\u00e1 az \u00e9lelmiszeripari projekt menedzsment. Az energia\u00e1rak n\u00f6veked\u00e9se, maga ut\u00e1n hozza az&hellip;<\/p>\n","protected":false},"author":1,"featured_media":0,"parent":0,"menu_order":0,"comment_status":"closed","ping_status":"closed","template":"","meta":[],"_links":{"self":[{"href":"https:\/\/triex.hu\/hu\/wp-json\/wp\/v2\/pages\/35"}],"collection":[{"href":"https:\/\/triex.hu\/hu\/wp-json\/wp\/v2\/pages"}],"about":[{"href":"https:\/\/triex.hu\/hu\/wp-json\/wp\/v2\/types\/page"}],"author":[{"embeddable":true,"href":"https:\/\/triex.hu\/hu\/wp-json\/wp\/v2\/users\/1"}],"replies":[{"embeddable":true,"href":"https:\/\/triex.hu\/hu\/wp-json\/wp\/v2\/comments?post=35"}],"version-history":[{"count":1,"href":"https:\/\/triex.hu\/hu\/wp-json\/wp\/v2\/pages\/35\/revisions"}],"predecessor-version":[{"id":1487,"href":"https:\/\/triex.hu\/hu\/wp-json\/wp\/v2\/pages\/35\/revisions\/1487"}],"wp:attachment":[{"href":"https:\/\/triex.hu\/hu\/wp-json\/wp\/v2\/media?parent=35"}],"curies":[{"name":"wp","href":"https:\/\/api.w.org\/{rel}","templated":true}]}}