{"id":381,"date":"2017-12-07T18:04:54","date_gmt":"2017-12-07T16:04:54","guid":{"rendered":"http:\/\/csattosilona.horvathkaroly.com\/?page_id=381"},"modified":"2019-02-12T21:01:54","modified_gmt":"2019-02-12T19:01:54","slug":"gozelvezetes","status":"publish","type":"page","link":"https:\/\/triex.hu\/hu\/megoldasaink\/gozelvezetes\/","title":{"rendered":"G\u0151zelvezet\u00e9s"},"content":{"rendered":"<section class=\"wpb-content-wrapper\"><p>[vc_row][vc_column][vc_column_text css=&#8221;.vc_custom_1549998112721{margin-bottom: 15px !important;}&#8221;]<\/p>\n<h1 style=\"text-align: left;\">G\u0151zelvezet\u00e9s<\/h1>\n<p>[\/vc_column_text][vc_separator color=&#8221;custom&#8221; align=&#8221;align_left&#8221; border_width=&#8221;5&#8243; el_width=&#8221;10&#8243; accent_color=&#8221;#9a8240&#8243; css=&#8221;.vc_custom_1549997661019{margin-bottom: 50px !important;}&#8221;][\/vc_column][\/vc_row][vc_row][vc_column]<div class=\"aio-icon-component  vc_custom_1549993045462   style_1\"><div id=\"Info-box-wrap-1965\" class=\"aio-icon-box left-icon\" style=\"\"  ><div class=\"aio-icon-left\"><div class=\"ult-just-icon-wrapper  \"><div class=\"align-icon\" style=\"text-align:center;\">\n<div class=\"aio-icon circle \"  style=\"color:#ffffff;background:#9a8240;font-size:20px;display:inline-block;\">\n\t<i class=\"Defaults-angle-right\"><\/i>\n<\/div><\/div><\/div><\/div><div class=\"aio-ibd-block\"><div class=\"aio-icon-header\" ><h3 class=\"aio-icon-title ult-responsive\"  data-ultimate-target='#Info-box-wrap-1965 .aio-icon-title'  data-responsive-json-new='{\"font-size\":\"desktop:21px;\",\"line-height\":\"\"}'  style=\"\">A probl\u00e9ma<\/h3><\/div> <!-- header --><\/div> <!-- aio-ibd-block --><\/div> <!-- aio-icon-box --><\/div> <!-- aio-icon-component -->[vc_column_text]<\/p>\n<p style=\"text-align: justify;\">Az \u00fczemekben a kemenc\u00e9kn\u00e9l \u00fczemel\u0151 p\u00e1raelsz\u00edv\u00f3 erny\u0151 hat\u00e1soss\u00e1ga alacsony. A t\u00e9rbe jut\u00f3 g\u0151zt a leveg\u0151 felveszi, a relat\u00edv p\u00e1ratartalma megn\u0151, \u00edgy p\u00e1rakicsap\u00f3d\u00e1si vesz\u00e9lyt jelent a k\u00fcls\u0151 falakra n\u00e9zve (b\u0151vebben: \u00e1ltal\u00e1nos szell\u0151z\u00e9s).<\/p>\n<p>[\/vc_column_text]<div class=\"aio-icon-component  vc_custom_1549994537882   style_1\"><div id=\"Info-box-wrap-4123\" class=\"aio-icon-box left-icon\" style=\"\"  ><div class=\"aio-icon-left\"><div class=\"ult-just-icon-wrapper  \"><div class=\"align-icon\" style=\"text-align:center;\">\n<div class=\"aio-icon circle \"  style=\"color:#ffffff;background:#9a8240;font-size:20px;display:inline-block;\">\n\t<i class=\"Defaults-angle-right\"><\/i>\n<\/div><\/div><\/div><\/div><div class=\"aio-ibd-block\"><div class=\"aio-icon-header\" ><h3 class=\"aio-icon-title ult-responsive\"  data-ultimate-target='#Info-box-wrap-4123 .aio-icon-title'  data-responsive-json-new='{\"font-size\":\"desktop:21px;\",\"line-height\":\"\"}'  style=\"\">A megold\u00e1s<\/h3><\/div> <!-- header --><\/div> <!-- aio-ibd-block --><\/div> <!-- aio-icon-box --><\/div> <!-- aio-icon-component -->[vc_column_text]<\/p>\n<p style=\"text-align: justify;\">A p\u00e1raerny\u0151k \u00e1talak\u00edt\u00e1s\u00e1val, vagy a mennyezet al\u00e1 szerelt elsz\u00edv\u00f3 rendszerrel, megfelel\u0151 l\u00e9gcser\u00e9t tudunk biztos\u00edtani a kemence el\u0151tt ahol a g\u0151zterhel\u00e9s jelentkezik. A g\u0151z elsz\u00edv\u00e1sra megfelel\u0151 IP v\u00e9detts\u00e9g\u0171, \u00e9s h\u0151m\u00e9rs\u00e9klet t\u0171r\u00e9s\u0171 ventil\u00e1torokat alkalmazunk.<\/p>\n<p style=\"text-align: justify;\">Amennyiben \u00e9rdeklik a r\u00e9szletek keressenek minket!<\/p>\n<p>[\/vc_column_text][\/vc_column][\/vc_row]<\/p>\n<\/section>","protected":false},"excerpt":{"rendered":"<p>[vc_row][vc_column][vc_column_text css=&#8221;.vc_custom_1549998112721{margin-bottom: 15px !important;}&#8221;] G\u0151zelvezet\u00e9s [\/vc_column_text][vc_separator color=&#8221;custom&#8221; align=&#8221;align_left&#8221; border_width=&#8221;5&#8243; el_width=&#8221;10&#8243; accent_color=&#8221;#9a8240&#8243; css=&#8221;.vc_custom_1549997661019{margin-bottom: 50px !important;}&#8221;][\/vc_column][\/vc_row][vc_row][vc_column][vc_column_text] Az \u00fczemekben a kemenc\u00e9kn\u00e9l \u00fczemel\u0151 p\u00e1raelsz\u00edv\u00f3 erny\u0151 hat\u00e1soss\u00e1ga alacsony. A t\u00e9rbe jut\u00f3 g\u0151zt a leveg\u0151 felveszi, a relat\u00edv p\u00e1ratartalma megn\u0151, \u00edgy p\u00e1rakicsap\u00f3d\u00e1si vesz\u00e9lyt jelent a k\u00fcls\u0151 falakra n\u00e9zve (b\u0151vebben: \u00e1ltal\u00e1nos szell\u0151z\u00e9s). [\/vc_column_text][vc_column_text] A p\u00e1raerny\u0151k \u00e1talak\u00edt\u00e1s\u00e1val, vagy a mennyezet al\u00e1 szerelt elsz\u00edv\u00f3&hellip;<\/p>\n","protected":false},"author":1,"featured_media":0,"parent":18,"menu_order":0,"comment_status":"closed","ping_status":"closed","template":"","meta":[],"_links":{"self":[{"href":"https:\/\/triex.hu\/hu\/wp-json\/wp\/v2\/pages\/381"}],"collection":[{"href":"https:\/\/triex.hu\/hu\/wp-json\/wp\/v2\/pages"}],"about":[{"href":"https:\/\/triex.hu\/hu\/wp-json\/wp\/v2\/types\/page"}],"author":[{"embeddable":true,"href":"https:\/\/triex.hu\/hu\/wp-json\/wp\/v2\/users\/1"}],"replies":[{"embeddable":true,"href":"https:\/\/triex.hu\/hu\/wp-json\/wp\/v2\/comments?post=381"}],"version-history":[{"count":0,"href":"https:\/\/triex.hu\/hu\/wp-json\/wp\/v2\/pages\/381\/revisions"}],"up":[{"embeddable":true,"href":"https:\/\/triex.hu\/hu\/wp-json\/wp\/v2\/pages\/18"}],"wp:attachment":[{"href":"https:\/\/triex.hu\/hu\/wp-json\/wp\/v2\/media?parent=381"}],"curies":[{"name":"wp","href":"https:\/\/api.w.org\/{rel}","templated":true}]}}