{"id":436,"date":"2017-12-07T20:58:29","date_gmt":"2017-12-07T18:58:29","guid":{"rendered":"http:\/\/csattosilona.horvathkaroly.com\/?page_id=436"},"modified":"2019-02-12T20:57:56","modified_gmt":"2019-02-12T18:57:56","slug":"hulladekho-hasznositas","status":"publish","type":"page","link":"https:\/\/triex.hu\/hu\/megoldasaink\/hulladekho-hasznositas\/","title":{"rendered":"Hullad\u00e9kh\u0151 hasznos\u00edt\u00e1s"},"content":{"rendered":"<section class=\"wpb-content-wrapper\"><p>[vc_row][vc_column][vc_column_text css=&#8221;.vc_custom_1549997874218{margin-bottom: 15px !important;}&#8221;]<\/p>\n<h1 style=\"text-align: left;\">Hullad\u00e9kh\u0151 hasznos\u00edt\u00e1s<\/h1>\n<p>[\/vc_column_text][vc_separator color=&#8221;custom&#8221; align=&#8221;align_left&#8221; border_width=&#8221;5&#8243; el_width=&#8221;10&#8243; accent_color=&#8221;#9a8240&#8243; css=&#8221;.vc_custom_1549997661019{margin-bottom: 50px !important;}&#8221;][\/vc_column][\/vc_row][vc_row][vc_column]<div class=\"aio-icon-component  vc_custom_1549993045462   style_1\"><div id=\"Info-box-wrap-4020\" class=\"aio-icon-box left-icon\" style=\"\"  ><div class=\"aio-icon-left\"><div class=\"ult-just-icon-wrapper  \"><div class=\"align-icon\" style=\"text-align:center;\">\n<div class=\"aio-icon circle \"  style=\"color:#ffffff;background:#9a8240;font-size:20px;display:inline-block;\">\n\t<i class=\"Defaults-angle-right\"><\/i>\n<\/div><\/div><\/div><\/div><div class=\"aio-ibd-block\"><div class=\"aio-icon-header\" ><h3 class=\"aio-icon-title ult-responsive\"  data-ultimate-target='#Info-box-wrap-4020 .aio-icon-title'  data-responsive-json-new='{\"font-size\":\"desktop:21px;\",\"line-height\":\"\"}'  style=\"\">A probl\u00e9ma<\/h3><\/div> <!-- header --><\/div> <!-- aio-ibd-block --><\/div> <!-- aio-icon-box --><\/div> <!-- aio-icon-component -->[vc_column_text]<\/p>\n<p style=\"text-align: justify;\"><img decoding=\"async\" loading=\"lazy\" class=\"alignright wp-image-1171\" src=\"https:\/\/triex.hu\/hu\/wp-content\/uploads\/2019\/02\/k-schrder-nachf.png\" alt=\"\" width=\"180\" height=\"92\" srcset=\"https:\/\/triex.hu\/hu\/wp-content\/uploads\/2019\/02\/k-schrder-nachf.png 489w, https:\/\/triex.hu\/hu\/wp-content\/uploads\/2019\/02\/k-schrder-nachf-300x153.png 300w\" sizes=\"(max-width: 180px) 100vw, 180px\" \/>A p\u00e9ks\u00e9gekben m\u0171k\u00f6d\u0151 kemenc\u00e9k kil\u00e9p\u0151 f\u00fcstg\u00e1z h\u0151m\u00e9rs\u00e9klete 200\u00b0C felett van, melyet a k\u00f6rnyezetbe vezet\u00fcnk. Egy \u00e1tlagos p\u00e9ks\u00e9gben a haszn\u00e1lati melegv\u00edz termel\u00e9shez elektromos \u00e1ramot, vagy g\u00e1zt haszn\u00e1lnak fel, tov\u00e1bb\u00e1 az \u00e9p\u00fclet f\u0171t\u00e9s\u00e9t is f\u00f6ldg\u00e1z energiahordoz\u00f3val biztos\u00edtj\u00e1k. A melegv\u00edz k\u00e9sz\u00edt\u00e9shez \u00e9s a f\u0171t\u00e9shez felhaszn\u00e1lt energi\u00e1t cs\u00f6kkents\u00fck az\u00e1ltal, hogy a t\u00e1voz\u00f3 f\u00fcstg\u00e1z energiatartalm\u00e1t ford\u00edtsuk ezen h\u0151termel\u0151 rendszerek r\u00e9szben-, vagy eg\u00e9szben t\u00f6rt\u00e9n\u0151 kiv\u00e1lt\u00e1s\u00e1ra.<\/p>\n<p>[\/vc_column_text]<div class=\"aio-icon-component  vc_custom_1549993531471   style_1\"><div id=\"Info-box-wrap-4055\" class=\"aio-icon-box left-icon\" style=\"\"  ><div class=\"aio-icon-left\"><div class=\"ult-just-icon-wrapper  \"><div class=\"align-icon\" style=\"text-align:center;\">\n<div class=\"aio-icon circle \"  style=\"color:#ffffff;background:#9a8240;font-size:20px;display:inline-block;\">\n\t<i class=\"Defaults-angle-right\"><\/i>\n<\/div><\/div><\/div><\/div><div class=\"aio-ibd-block\"><div class=\"aio-icon-description ult-responsive\"  data-ultimate-target='#Info-box-wrap-4055 .aio-icon-description'  data-responsive-json-new='{\"font-size\":\"desktop:21px;\",\"line-height\":\"\"}'  style=\"font-family:&#039;Raleway&#039;;font-weight:500;\">A megold\u00e1s: <a href=\"http:\/\/triex.hu\/images\/TRIEX_AWT_H%C5%91hasznos%C3%ADt%C3%B3_sz%C3%B3r%C3%B3lap_v2.pdf\" target=\"_blank\" rel=\"noopener\">(PDF)<\/a><\/div> <!-- description --><\/div> <!-- aio-ibd-block --><\/div> <!-- aio-icon-box --><\/div> <!-- aio-icon-component -->[vc_column_text]<\/p>\n<p style=\"text-align: justify;\">C\u00e9g\u00fcnk a nagy m\u00falt\u00fa, f\u00fcstg\u00e1z technol\u00f3gi\u00e1ban j\u00e1rtas n\u00e9met SCHRADER c\u00e9ggel van kapcsolatban, mint magyarorsz\u00e1gi kiz\u00e1r\u00f3lagos import\u0151r. A SCHRADER c\u00e9g \u00e1ltal gy\u00e1rtott h\u0151hasznos\u00edt\u00f3 berendez\u00e9s a fentiekben le\u00edrt probl\u00e9ma megold\u00e1s\u00e1ra szolg\u00e1l. Az AWT h\u0151cser\u00e9l\u0151 a f\u00fcstg\u00e1zb\u00f3l h\u0151t von el, \u00e9s a hozz\u00e1 kapcsol\u00f3d\u00f3 g\u00e9p\u00e9szeti rendszeren kereszt\u00fcl az energi\u00e1t \u00e1tsz\u00e1ll\u00edtja a h\u0151ig\u00e9nyt k\u00e9r\u0151 rendszerbe.<\/p>\n<p>[\/vc_column_text]<div class=\"aio-icon-component  vc_custom_1549993476825   style_1\"><div id=\"Info-box-wrap-4667\" class=\"aio-icon-box left-icon\" style=\"\"  ><div class=\"aio-icon-left\"><div class=\"ult-just-icon-wrapper  \"><div class=\"align-icon\" style=\"text-align:center;\">\n<div class=\"aio-icon circle \"  style=\"color:#ffffff;background:#9a8240;font-size:20px;display:inline-block;\">\n\t<i class=\"Defaults-angle-right\"><\/i>\n<\/div><\/div><\/div><\/div><div class=\"aio-ibd-block\"><div class=\"aio-icon-description ult-responsive\"  data-ultimate-target='#Info-box-wrap-4667 .aio-icon-description'  data-responsive-json-new='{\"font-size\":\"desktop:21px;\",\"line-height\":\"\"}'  style=\"font-family:&#039;Raleway&#039;;font-weight:500;\">Rendszerbe illeszt\u00e9s: <a href=\"http:\/\/triex.hu\/images\/kapcsol%C3%A1si_v%C3%A1zlat_1.pdf\" target=\"_blank\" rel=\"noopener\">PDF Et\u00e1zs<\/a>, <a href=\"http:\/\/triex.hu\/images\/kapcsol%C3%A1si_v%C3%A1zlat_2.pdf\" target=\"_blank\" rel=\"noopener\">PDF Rotor<\/a><\/div> <!-- description --><\/div> <!-- aio-ibd-block --><\/div> <!-- aio-icon-box --><\/div> <!-- aio-icon-component -->[vc_column_text]<\/p>\n<p style=\"text-align: justify;\">C\u00e9g\u00fcnk a nagy m\u00falt\u00fa, f\u00fcstg\u00e1z technol\u00f3gi\u00e1ban j\u00e1rtas n\u00e9met SCHRADER c\u00e9ggel van kapcsolatban, mint magyarorsz\u00e1gi kiz\u00e1r\u00f3lagos import\u0151r. A SCHRADER c\u00e9g \u00e1ltal gy\u00e1rtott h\u0151hasznos\u00edt\u00f3 berendez\u00e9s a fentiekben le\u00edrt probl\u00e9ma megold\u00e1s\u00e1ra szolg\u00e1l. Az AWT h\u0151cser\u00e9l\u0151 a f\u00fcstg\u00e1zb\u00f3l h\u0151t von el, \u00e9s a hozz\u00e1 kapcsol\u00f3d\u00f3 g\u00e9p\u00e9szeti rendszeren kereszt\u00fcl az energi\u00e1t \u00e1tsz\u00e1ll\u00edtja a h\u0151ig\u00e9nyt k\u00e9r\u0151 rendszerbe.<\/p>\n<p>[\/vc_column_text][\/vc_column][\/vc_row]<\/p>\n<\/section>","protected":false},"excerpt":{"rendered":"<p>[vc_row][vc_column][vc_column_text css=&#8221;.vc_custom_1549997874218{margin-bottom: 15px !important;}&#8221;] Hullad\u00e9kh\u0151 hasznos\u00edt\u00e1s [\/vc_column_text][vc_separator color=&#8221;custom&#8221; align=&#8221;align_left&#8221; border_width=&#8221;5&#8243; el_width=&#8221;10&#8243; accent_color=&#8221;#9a8240&#8243; css=&#8221;.vc_custom_1549997661019{margin-bottom: 50px !important;}&#8221;][\/vc_column][\/vc_row][vc_row][vc_column][vc_column_text] A p\u00e9ks\u00e9gekben m\u0171k\u00f6d\u0151 kemenc\u00e9k kil\u00e9p\u0151 f\u00fcstg\u00e1z h\u0151m\u00e9rs\u00e9klete 200\u00b0C felett van, melyet a k\u00f6rnyezetbe vezet\u00fcnk. Egy \u00e1tlagos p\u00e9ks\u00e9gben a haszn\u00e1lati melegv\u00edz termel\u00e9shez elektromos \u00e1ramot, vagy g\u00e1zt haszn\u00e1lnak fel, tov\u00e1bb\u00e1 az \u00e9p\u00fclet f\u0171t\u00e9s\u00e9t is f\u00f6ldg\u00e1z energiahordoz\u00f3val biztos\u00edtj\u00e1k. A melegv\u00edz k\u00e9sz\u00edt\u00e9shez \u00e9s a&hellip;<\/p>\n","protected":false},"author":1,"featured_media":0,"parent":18,"menu_order":0,"comment_status":"closed","ping_status":"closed","template":"","meta":[],"_links":{"self":[{"href":"https:\/\/triex.hu\/hu\/wp-json\/wp\/v2\/pages\/436"}],"collection":[{"href":"https:\/\/triex.hu\/hu\/wp-json\/wp\/v2\/pages"}],"about":[{"href":"https:\/\/triex.hu\/hu\/wp-json\/wp\/v2\/types\/page"}],"author":[{"embeddable":true,"href":"https:\/\/triex.hu\/hu\/wp-json\/wp\/v2\/users\/1"}],"replies":[{"embeddable":true,"href":"https:\/\/triex.hu\/hu\/wp-json\/wp\/v2\/comments?post=436"}],"version-history":[{"count":0,"href":"https:\/\/triex.hu\/hu\/wp-json\/wp\/v2\/pages\/436\/revisions"}],"up":[{"embeddable":true,"href":"https:\/\/triex.hu\/hu\/wp-json\/wp\/v2\/pages\/18"}],"wp:attachment":[{"href":"https:\/\/triex.hu\/hu\/wp-json\/wp\/v2\/media?parent=436"}],"curies":[{"name":"wp","href":"https:\/\/api.w.org\/{rel}","templated":true}]}}