{"id":507,"date":"2017-12-07T23:07:46","date_gmt":"2017-12-07T23:07:46","guid":{"rendered":"http:\/\/csattosilona.horvathkaroly.com\/?page_id=507"},"modified":"2018-02-15T16:04:24","modified_gmt":"2018-02-15T15:04:24","slug":"adatvedelmi-nyilatkozat","status":"publish","type":"page","link":"https:\/\/triex.hu\/hu\/adatvedelmi-nyilatkozat\/","title":{"rendered":"Adatv\u00e9delmi nyilatkozat"},"content":{"rendered":"<section class=\"wpb-content-wrapper\"><p>[vc_row][vc_column][vc_column_text]<\/p>\n<h1>Adatv\u00e9delmi nyilatkozat<\/h1>\n<p>[\/vc_column_text][\/vc_column][\/vc_row][vc_row css=&#8221;.vc_custom_1512687754303{margin-top: 35px !important;}&#8221;][vc_column][vc_column_text]<\/p>\n<p style=\"text-align: justify;\"><strong>14.1.<\/strong>\u00a0A Szolg\u00e1ltat\u00f3 tiszteletben tartja a szem\u00e9lyes adatok v\u00e9delm\u00e9hez f\u0171z\u0151d\u0151 alkotm\u00e1nyos alapjogot, amelynek tartalma szerint mindenki maga rendelkezik szem\u00e9lyes adatainak felt\u00e1r\u00e1s\u00e1r\u00f3l \u00e9s felhaszn\u00e1l\u00e1s\u00e1r\u00f3l.<\/p>\n<p style=\"text-align: justify;\"><strong>14.2.<\/strong>\u00a0A Szolg\u00e1ltat\u00f3 k\u00fcl\u00f6n\u00f6s figyelmet ford\u00edt a szolg\u00e1ltat\u00e1sok ig\u00e9nybev\u00e9tel\u00e9hez sz\u00fcks\u00e9ges, az \u00dcgyf\u00e9l \u00e1ltal rendelkez\u00e9sre bocs\u00e1tott szem\u00e9lyes adatok megszerz\u00e9se \u00e9s feldolgoz\u00e1sa sor\u00e1n az egy\u00e9nek v\u00e9delm\u00e9r\u0151l a szem\u00e9lyes adatok g\u00e9pi feldolgoz\u00e1sa sor\u00e1n, Strasbourgban, 1981. janu\u00e1r 28-\u00e1n napj\u00e1n kelt egyezm\u00e9ny kihirdet\u00e9s\u00e9r\u0151l sz\u00f3l\u00f3 1998. \u00e9vi VI. t\u00f6rv\u00e9ny, a kutat\u00e1s \u00e9s k\u00f6zvetlen \u00fczletszerz\u00e9s c\u00e9lj\u00e1t szolg\u00e1l\u00f3 n\u00e9v,- \u00e9s lakc\u00edmadatok kezel\u00e9s\u00e9r\u0151l sz\u00f3l\u00f3 1995. \u00e9vi CXIX. t\u00f6rv\u00e9ny, tov\u00e1bb\u00e1 az inform\u00e1ci\u00f3s \u00f6nrendelkez\u00e9si jogr\u00f3l \u00e9s az inform\u00e1ci\u00f3szabads\u00e1gr\u00f3l sz\u00f3l\u00f3 2011. \u00e9vi CXII. t\u00f6rv\u00e9ny fokozott betart\u00e1s\u00e1ra.<\/p>\n<p style=\"text-align: justify;\"><strong>14.3.<\/strong>\u00a0Az \u00dcgyf\u00e9l \u00e1ltal megadott adatok, \u00fagymint vezet\u00e9k- \u00e9s keresztn\u00e9v, sz\u00e1ll\u00edt\u00e1si c\u00edm, telefonsz\u00e1m, e-mail c\u00edm, valamint azonos\u00edt\u00f3 a rendszeren kereszt\u00fcl k\u00fcld\u00f6tt elektronikus lev\u00e9lben megtal\u00e1lhat\u00f3.<\/p>\n<p style=\"text-align: justify;\"><strong>14.4.<\/strong>\u00a0A weboldal adatkezel\u0151je a Szolg\u00e1ltat\u00f3.<\/p>\n<p style=\"text-align: justify;\"><strong>14.5.<\/strong>\u00a0Szolg\u00e1ltat\u00f3 kijelenti, hogy az adatb\u00e1zis\u00e1ban megl\u00e9v\u0151 adatok (n\u00e9v, email c\u00edm, telefonsz\u00e1m, azonos\u00edt\u00f3, stb.) kezel\u00e9s\u00e9nek c\u00e9lja a web\u00e1ruh\u00e1zban el\u00e9rhet\u0151 szolg\u00e1ltat\u00e1sok ny\u00fajt\u00e1s\u00e1nak biztos\u00edt\u00e1sa, a szem\u00e9lyre szabott tartalmak \u00e9s hirdet\u00e9sek megjelen\u00edt\u00e9se, statisztikak\u00e9sz\u00edt\u00e9s, az informatikai rendszer technikai fejleszt\u00e9se, \u00e9s az \u00dcgyfelek jogainak v\u00e9delme. Az adatokat a Szolg\u00e1ltat\u00f3 felhaszn\u00e1lhatja arra, hogy felhaszn\u00e1l\u00f3i csoportokat k\u00e9pezzen, \u00e9s a felhaszn\u00e1l\u00f3i csoportok r\u00e9sz\u00e9re a Szolg\u00e1ltat\u00f3 weboldalain c\u00e9lzott tartalmat, \u00e9s\/vagy hirdet\u00e9st jelen\u00edtsen meg, illetve h\u00edrlevelet k\u00fcldj\u00f6n.<\/p>\n<p style=\"text-align: justify;\"><strong>14.6.<\/strong>\u00a0A Szolg\u00e1ltat\u00f3 az \u00dcgyf\u00e9l \u00e1ltal megadott szem\u00e9lyes adatokat a fenti c\u00e9lokt\u00f3l elt\u00e9r\u0151 c\u00e9lokra nem haszn\u00e1lhatja fel. Szem\u00e9lyes adatok harmadik szem\u00e9lynek vagy hat\u00f3s\u00e1gok sz\u00e1m\u00e1ra t\u00f6rt\u00e9n\u0151 kiad\u00e1sa \u2013 hacsak t\u00f6rv\u00e9ny vagy hat\u00f3s\u00e1gi\/b\u00edr\u00f3s\u00e1gi hat\u00e1rozat ett\u0151l elt\u00e9r\u0151en nem rendelkezik k\u00f6telez\u0151 er\u0151vel \u2013 csak az \u00dcgyf\u00e9l kifejezett hozz\u00e1j\u00e1rul\u00e1sa eset\u00e9n lehets\u00e9ges. Az \u00dcgyf\u00e9l szem\u00e9lyes adatait a felhaszn\u00e1l\u00e1s c\u00e9lj\u00e1nak megsz\u0171n\u00e9se ut\u00e1n, vagy \u00dcgyf\u00e9l k\u00e9r\u00e9s\u00e9re a Szolg\u00e1ltat\u00f3 t\u00f6rli.<\/p>\n<p style=\"text-align: justify;\"><strong>14.7.<\/strong>\u00a0Az \u00dcgyf\u00e9l adatszolg\u00e1ltat\u00e1sa \u00f6nk\u00e9ntes, jogalapja az \u00e9rintett beleegyez\u00e9se. A Szolg\u00e1ltat\u00f3 szolg\u00e1ltat\u00e1saink ig\u00e9nybev\u00e9tel\u00e9vel az \u00dcgyf\u00e9l hozz\u00e1j\u00e1rul\u00e1s\u00e1t adja adatai fent meghat\u00e1rozott felhaszn\u00e1l\u00e1s\u00e1hoz. Az \u00dcgyf\u00e9l b\u00e1rmikor k\u00e9rheti az adatai t\u00f6rl\u00e9s\u00e9t, m\u00f3dos\u00edt\u00e1s\u00e1t, t\u00e1j\u00e9koztat\u00e1st a kezelt adatair\u00f3l, tov\u00e1bb\u00e1 tiltakozhat az adatkezel\u00e9s ellen. K\u00e9relm\u00e9nek vagy tiltakoz\u00e1s\u00e1nak sikertelens\u00e9ge eset\u00e9n 30 napt\u00e1ri napon bel\u00fcl lehet\u0151s\u00e9ge van b\u00edr\u00f3s\u00e1ghoz fordulni.<\/p>\n<p style=\"text-align: justify;\"><strong>14.8.<\/strong>\u00a0A Szolg\u00e1ltat\u00f3 birtok\u00e1ba jutott adatok feldolgoz\u00e1s\u00e1ra vonatkoz\u00f3 tev\u00e9kenys\u00e9geket a mindenkor hat\u00e1lyos jogszab\u00e1lyoknak megfelel\u0151en \u00e9s jelen \u00c1SZF-ben foglalt adatv\u00e9delmi rendelkez\u00e9sek szem el\u0151tt tart\u00e1s\u00e1val v\u00e9gzi a Szolg\u00e1ltat\u00f3. Az \u00dcgyf\u00e9l a Szolg\u00e1ltat\u00f3 \u00e1ltal ny\u00fajtott szolg\u00e1ltat\u00e1sok ig\u00e9nybe v\u00e9tel\u00e9vel a hozz\u00e1j\u00e1rul\u00e1s\u00e1t adja ahhoz, hogy a megadott adatok az adatfeldolgoz\u00f3hoz tov\u00e1bb\u00edt\u00e1sra ker\u00fcljenek.<\/p>\n<p style=\"text-align: justify;\"><strong>14.9.<\/strong>\u00a0Az \u00dcgyf\u00e9l \u00e1ltal megadott inform\u00e1ci\u00f3k\u00e9rt a Szolg\u00e1ltat\u00f3 felel\u0151ss\u00e9get nem v\u00e1llal. Amennyiben a Szolg\u00e1ltat\u00f3 tudom\u00e1s\u00e1ra jut, hogy az inform\u00e1ci\u00f3k valamely harmadik szem\u00e9ly jogait vagy a jogszab\u00e1lyokat s\u00e9rtik, vagy a jelen adatv\u00e9delmi szab\u00e1lyokat megszegik, illetve az adatv\u00e9delmi szab\u00e1lyok be nem tart\u00e1s\u00e1val k\u00e1rt okoznak, a Szolg\u00e1ltat\u00f3nak jog\u00e1ban \u00e1ll megtenni a sz\u00fcks\u00e9ges jogi int\u00e9zked\u00e9seket, egy\u00fcttm\u0171k\u00f6dve az elj\u00e1r\u00f3 hat\u00f3s\u00e1gokkal. Amennyiben a szolg\u00e1ltat\u00e1s ig\u00e9nybev\u00e9tel\u00e9hez az \u00dcgyf\u00e9l harmadik szem\u00e9ly adatait adta meg, vagy a weboldal haszn\u00e1lata sor\u00e1n b\u00e1rmilyen m\u00f3don k\u00e1rt okozott, a Szolg\u00e1ltat\u00f3 jogosult k\u00e1rt\u00e9r\u00edt\u00e9s \u00e9rv\u00e9nyes\u00edt\u00e9s\u00e9re.<\/p>\n<p style=\"text-align: justify;\"><strong>14.10.<\/strong>\u00a0A jogosulatlan hozz\u00e1f\u00e9r\u00e9s \u00e9s nyilv\u00e1noss\u00e1gra hozatal elker\u00fcl\u00e9se, az adatok pontoss\u00e1g\u00e1nak biztos\u00edt\u00e1sa \u00e9s a legmegfelel\u0151bb adatfelhaszn\u00e1l\u00e1s \u00e9rdek\u00e9ben a Szolg\u00e1ltat\u00f3 megfelel\u0151 fizikai, elektronikus \u00e9s m\u0171szaki m\u00f3dszerekkel \u0151rzi \u00e9s biztos\u00edtja az online m\u00f3don gy\u0171jt\u00f6tt inform\u00e1ci\u00f3kat.<\/p>\n<p style=\"text-align: justify;\"><strong>14.11.<\/strong>\u00a0Adatkezel\u0151k megnevez\u00e9se:<\/p>\n<ul style=\"text-align: justify;\">\n<li>Szolg\u00e1ltat\u00f3<\/li>\n<\/ul>\n<p style=\"text-align: justify;\"><strong>14.12.<\/strong>\u00a0A Szolg\u00e1ltat\u00f3 az \u00dcgyf\u00e9l \u00e1ltal szolg\u00e1ltatott szem\u00e9lyes adatok fut\u00e1rszolg\u00e1ltat r\u00e9sz\u00e9re t\u00f6rt\u00e9n\u0151 tov\u00e1bb\u00edt\u00e1s\u00e1r\u00f3l az adattov\u00e1bb\u00edt\u00e1s jogszer\u0171s\u00e9g\u00e9nek ellen\u0151rz\u00e9se, valamint a szem\u00e9lyes adatok \u00e9rintettjei t\u00e1j\u00e9koztat\u00e1sa c\u00e9lj\u00e1b\u00f3l adattov\u00e1bb\u00edt\u00e1si nyilv\u00e1ntart\u00e1st vezet, amely tartalmazza a Szolg\u00e1ltat\u00f3 \u00e1ltal kezelt szem\u00e9lyes adatok tov\u00e1bb\u00edt\u00e1s\u00e1nak id\u0151pontj\u00e1t, az adattov\u00e1bb\u00edt\u00e1s jogalapj\u00e1t \u00e9s c\u00edmzettj\u00e9t, a tov\u00e1bb\u00edtott szem\u00e9lyes adatok k\u00f6r\u00e9nek meghat\u00e1roz\u00e1s\u00e1t. A Szolg\u00e1ltat\u00f3 az adattov\u00e1bb\u00edt\u00e1si nyilv\u00e1ntart\u00e1sban szerepl\u0151 adatokat 5 (\u00f6t) \u00e9vig \u0151rzi.<\/p>\n<p>[\/vc_column_text][\/vc_column][\/vc_row]<\/p>\n<\/section>","protected":false},"excerpt":{"rendered":"<p>[vc_row][vc_column][vc_column_text] Adatv\u00e9delmi nyilatkozat [\/vc_column_text][\/vc_column][\/vc_row][vc_row css=&#8221;.vc_custom_1512687754303{margin-top: 35px !important;}&#8221;][vc_column][vc_column_text] 14.1.\u00a0A Szolg\u00e1ltat\u00f3 tiszteletben tartja a szem\u00e9lyes adatok v\u00e9delm\u00e9hez f\u0171z\u0151d\u0151 alkotm\u00e1nyos alapjogot, amelynek tartalma szerint mindenki maga rendelkezik szem\u00e9lyes adatainak felt\u00e1r\u00e1s\u00e1r\u00f3l \u00e9s felhaszn\u00e1l\u00e1s\u00e1r\u00f3l. 14.2.\u00a0A Szolg\u00e1ltat\u00f3 k\u00fcl\u00f6n\u00f6s figyelmet ford\u00edt a szolg\u00e1ltat\u00e1sok ig\u00e9nybev\u00e9tel\u00e9hez sz\u00fcks\u00e9ges, az \u00dcgyf\u00e9l \u00e1ltal rendelkez\u00e9sre bocs\u00e1tott szem\u00e9lyes adatok megszerz\u00e9se \u00e9s feldolgoz\u00e1sa sor\u00e1n az egy\u00e9nek v\u00e9delm\u00e9r\u0151l a szem\u00e9lyes adatok&hellip;<\/p>\n","protected":false},"author":1,"featured_media":0,"parent":0,"menu_order":0,"comment_status":"closed","ping_status":"closed","template":"","meta":[],"_links":{"self":[{"href":"https:\/\/triex.hu\/hu\/wp-json\/wp\/v2\/pages\/507"}],"collection":[{"href":"https:\/\/triex.hu\/hu\/wp-json\/wp\/v2\/pages"}],"about":[{"href":"https:\/\/triex.hu\/hu\/wp-json\/wp\/v2\/types\/page"}],"author":[{"embeddable":true,"href":"https:\/\/triex.hu\/hu\/wp-json\/wp\/v2\/users\/1"}],"replies":[{"embeddable":true,"href":"https:\/\/triex.hu\/hu\/wp-json\/wp\/v2\/comments?post=507"}],"version-history":[{"count":0,"href":"https:\/\/triex.hu\/hu\/wp-json\/wp\/v2\/pages\/507\/revisions"}],"wp:attachment":[{"href":"https:\/\/triex.hu\/hu\/wp-json\/wp\/v2\/media?parent=507"}],"curies":[{"name":"wp","href":"https:\/\/api.w.org\/{rel}","templated":true}]}}