{"id":7,"date":"2017-12-06T17:31:08","date_gmt":"2017-12-06T16:31:08","guid":{"rendered":"http:\/\/csattosilona.horvathkaroly.com\/?page_id=7"},"modified":"2019-02-12T20:54:24","modified_gmt":"2019-02-12T18:54:24","slug":"tevekenyseg","status":"publish","type":"page","link":"https:\/\/triex.hu\/hu\/tevekenyseg\/","title":{"rendered":"Tev\u00e9kenys\u00e9g"},"content":{"rendered":"<section class=\"wpb-content-wrapper\"><p>[vc_row][vc_column][vc_column_text css=&#8221;.vc_custom_1549997620706{margin-bottom: 15px !important;}&#8221;]<\/p>\n<h1 style=\"text-align: left;\">Tev\u00e9kenys\u00e9g<\/h1>\n<p>[\/vc_column_text][vc_separator color=&#8221;custom&#8221; align=&#8221;align_left&#8221; border_width=&#8221;5&#8243; el_width=&#8221;10&#8243; accent_color=&#8221;#9a8240&#8243; css=&#8221;.vc_custom_1549997661019{margin-bottom: 50px !important;}&#8221;][\/vc_column][\/vc_row][vc_row][vc_column]<div class=\"aio-icon-component    style_1\"><div id=\"Info-box-wrap-9073\" class=\"aio-icon-box left-icon\" style=\"\"  ><div class=\"aio-icon-left\"><div class=\"ult-just-icon-wrapper  \"><div class=\"align-icon\" style=\"text-align:center;\">\n<div class=\"aio-icon circle \"  style=\"color:#ffffff;background:#9a8240;font-size:25px;display:inline-block;\">\n\t<i class=\"Defaults-angle-right\"><\/i>\n<\/div><\/div><\/div><\/div><div class=\"aio-ibd-block\"><div class=\"aio-icon-header\" ><h3 class=\"aio-icon-title ult-responsive\"  data-ultimate-target='#Info-box-wrap-9073 .aio-icon-title'  data-responsive-json-new='{\"font-size\":\"desktop:21px;\",\"line-height\":\"\"}'  style=\"\">Alap\u00edtva<\/h3><\/div> <!-- header --><div class=\"aio-icon-description ult-responsive\"  data-ultimate-target='#Info-box-wrap-9073 .aio-icon-description'  data-responsive-json-new='{\"font-size\":\"\",\"line-height\":\"\"}'  style=\"\">1990<\/div> <!-- description --><\/div> <!-- aio-ibd-block --><\/div> <!-- aio-icon-box --><\/div> <!-- aio-icon-component --><div class=\"aio-icon-component    style_1\"><div id=\"Info-box-wrap-6634\" class=\"aio-icon-box left-icon\" style=\"\"  ><div class=\"aio-icon-left\"><div class=\"ult-just-icon-wrapper  \"><div class=\"align-icon\" style=\"text-align:center;\">\n<div class=\"aio-icon circle \"  style=\"color:#ffffff;background:#9a8240;font-size:25px;display:inline-block;\">\n\t<i class=\"Defaults-angle-right\"><\/i>\n<\/div><\/div><\/div><\/div><div class=\"aio-ibd-block\"><div class=\"aio-icon-header\" ><h3 class=\"aio-icon-title ult-responsive\"  data-ultimate-target='#Info-box-wrap-6634 .aio-icon-title'  data-responsive-json-new='{\"font-size\":\"desktop:21px;\",\"line-height\":\"\"}'  style=\"\">Alaptev\u00e9kenys\u00e9g<\/h3><\/div> <!-- header --><div class=\"aio-icon-description ult-responsive\"  data-ultimate-target='#Info-box-wrap-6634 .aio-icon-description'  data-responsive-json-new='{\"font-size\":\"\",\"line-height\":\"\"}'  style=\"\"><\/p>\n<ul>\n<li>m\u0171szaki, \u00e9s energetikai tervez\u00e9s<\/li>\n<li>energetikai \u00e9s \u00e9lelmiszeripari projekt menedzsment<\/li>\n<li><a href=\"http:\/\/sutestechnika.hu\/\" target=\"_blank\" rel=\"noopener\">malom \u00e9s s\u00fct\u0151ipari g\u00e9pek, technol\u00f3gi\u00e1k tervez\u00e9se, forgalmaz\u00e1sa, gy\u00e1rt\u00e1sa, \u00f6sszeszerel\u00e9se, valamint szervizel\u00e9se<\/a>.<\/li>\n<\/ul>\n<p><\/div> <!-- description --><\/div> <!-- aio-ibd-block --><\/div> <!-- aio-icon-box --><\/div> <!-- aio-icon-component --><div class=\"aio-icon-component    style_1\"><div id=\"Info-box-wrap-5847\" class=\"aio-icon-box left-icon\" style=\"\"  ><div class=\"aio-icon-left\"><div class=\"ult-just-icon-wrapper  \"><div class=\"align-icon\" style=\"text-align:center;\">\n<div class=\"aio-icon circle \"  style=\"color:#ffffff;background:#9a8240;font-size:25px;display:inline-block;\">\n\t<i class=\"Defaults-angle-right\"><\/i>\n<\/div><\/div><\/div><\/div><div class=\"aio-ibd-block\"><div class=\"aio-icon-header\" ><h3 class=\"aio-icon-title ult-responsive\"  data-ultimate-target='#Info-box-wrap-5847 .aio-icon-title'  data-responsive-json-new='{\"font-size\":\"desktop:21px;\",\"line-height\":\"\"}'  style=\"\">Piaci poz\u00edci\u00f3nk<\/h3><\/div> <!-- header --><div class=\"aio-icon-description ult-responsive\"  data-ultimate-target='#Info-box-wrap-5847 .aio-icon-description'  data-responsive-json-new='{\"font-size\":\"\",\"line-height\":\"\"}'  style=\"\">Visszat\u00e9r\u0151, elk\u00f6telezett megrendel\u0151k, \u00e9s \u00e9vente folyamatosan b\u0151v\u00fcl\u0151 vev\u0151k\u00f6r.<br \/>\nT\u00f6bb mint 800 \u00fczembe sz\u00e1ll\u00edtottunk berendez\u00e9seket.<\/div> <!-- description --><\/div> <!-- aio-ibd-block --><\/div> <!-- aio-icon-box --><\/div> <!-- aio-icon-component --><div class=\"aio-icon-component    style_1\"><div id=\"Info-box-wrap-8600\" class=\"aio-icon-box left-icon\" style=\"\"  ><div class=\"aio-icon-left\"><div class=\"ult-just-icon-wrapper  \"><div class=\"align-icon\" style=\"text-align:center;\">\n<div class=\"aio-icon circle \"  style=\"color:#ffffff;background:#9a8240;font-size:25px;display:inline-block;\">\n\t<i class=\"Defaults-angle-right\"><\/i>\n<\/div><\/div><\/div><\/div><div class=\"aio-ibd-block\"><div class=\"aio-icon-header\" ><h3 class=\"aio-icon-title ult-responsive\"  data-ultimate-target='#Info-box-wrap-8600 .aio-icon-title'  data-responsive-json-new='{\"font-size\":\"desktop:21px;\",\"line-height\":\"\"}'  style=\"\">\u00c9rt\u00e9kes\u00edt\u00e9si ter\u00fclet<\/h3><\/div> <!-- header --><div class=\"aio-icon-description ult-responsive\"  data-ultimate-target='#Info-box-wrap-8600 .aio-icon-description'  data-responsive-json-new='{\"font-size\":\"\",\"line-height\":\"\"}'  style=\"\">Magyarorsz\u00e1g, Rom\u00e1nia, Szlov\u00e1kia, N\u00e9metorsz\u00e1g, Ukrajna<\/div> <!-- description --><\/div> <!-- aio-ibd-block --><\/div> <!-- aio-icon-box --><\/div> <!-- aio-icon-component --><div class=\"aio-icon-component    style_1\"><div id=\"Info-box-wrap-6423\" class=\"aio-icon-box left-icon\" style=\"\"  ><div class=\"aio-icon-left\"><div class=\"ult-just-icon-wrapper  \"><div class=\"align-icon\" style=\"text-align:center;\">\n<div class=\"aio-icon circle \"  style=\"color:#ffffff;background:#9a8240;font-size:25px;display:inline-block;\">\n\t<i class=\"Defaults-angle-right\"><\/i>\n<\/div><\/div><\/div><\/div><div class=\"aio-ibd-block\"><div class=\"aio-icon-header\" ><h3 class=\"aio-icon-title ult-responsive\"  data-ultimate-target='#Info-box-wrap-6423 .aio-icon-title'  data-responsive-json-new='{\"font-size\":\"desktop:21px;\",\"line-height\":\"\"}'  style=\"\">Besz\u00e1ll\u00edt\u00f3ink<\/h3><\/div> <!-- header --><div class=\"aio-icon-description ult-responsive\"  data-ultimate-target='#Info-box-wrap-6423 .aio-icon-description'  data-responsive-json-new='{\"font-size\":\"\",\"line-height\":\"\"}'  style=\"\">Csak min\u0151s\u00e9gi n\u00e9met, olasz, portug\u00e1l \u00e9s magyar gy\u00e1rt\u00f3k<\/div> <!-- description --><\/div> <!-- aio-ibd-block --><\/div> <!-- aio-icon-box --><\/div> <!-- aio-icon-component --><div class=\"aio-icon-component    style_1\"><div id=\"Info-box-wrap-4997\" class=\"aio-icon-box left-icon\" style=\"\"  ><div class=\"aio-icon-left\"><div class=\"ult-just-icon-wrapper  \"><div class=\"align-icon\" style=\"text-align:center;\">\n<div class=\"aio-icon circle \"  style=\"color:#ffffff;background:#9a8240;font-size:25px;display:inline-block;\">\n\t<i class=\"Defaults-angle-right\"><\/i>\n<\/div><\/div><\/div><\/div><div class=\"aio-ibd-block\"><div class=\"aio-icon-header\" ><h3 class=\"aio-icon-title ult-responsive\"  data-ultimate-target='#Info-box-wrap-4997 .aio-icon-title'  data-responsive-json-new='{\"font-size\":\"desktop:21px;\",\"line-height\":\"\"}'  style=\"\">Er\u0151ss\u00e9geink<\/h3><\/div> <!-- header --><div class=\"aio-icon-description ult-responsive\"  data-ultimate-target='#Info-box-wrap-4997 .aio-icon-description'  data-responsive-json-new='{\"font-size\":\"\",\"line-height\":\"\"}'  style=\"\"><\/p>\n<ul>\n<li>Munkat\u00e1rsaink szaktud\u00e1sa<\/li>\n<li>C\u00e9g\u00fcnk 20 \u00e9ves szakmai tapasztalata<\/li>\n<li>T\u00e1j\u00e9kozotts\u00e1g, folyamatos inform\u00e1ci\u00f3gy\u0171jt\u00e9s<\/li>\n<li>J\u00f3 h\u00edrnev\u00fcnk, partnereink megtisztel\u0151 bizalma<\/li>\n<li>Csapatmunka<\/li>\n<li>Rugalmass\u00e1g<\/li>\n<\/ul>\n<p><\/div> <!-- description --><\/div> <!-- aio-ibd-block --><\/div> <!-- aio-icon-box --><\/div> <!-- aio-icon-component -->[\/vc_column][\/vc_row]<\/p>\n<\/section>","protected":false},"excerpt":{"rendered":"<p>[vc_row][vc_column][vc_column_text css=&#8221;.vc_custom_1549997620706{margin-bottom: 15px !important;}&#8221;] Tev\u00e9kenys\u00e9g [\/vc_column_text][vc_separator color=&#8221;custom&#8221; align=&#8221;align_left&#8221; border_width=&#8221;5&#8243; el_width=&#8221;10&#8243; accent_color=&#8221;#9a8240&#8243; css=&#8221;.vc_custom_1549997661019{margin-bottom: 50px !important;}&#8221;][\/vc_column][\/vc_row][vc_row][vc_column][\/vc_column][\/vc_row]<\/p>\n","protected":false},"author":1,"featured_media":0,"parent":0,"menu_order":0,"comment_status":"closed","ping_status":"closed","template":"","meta":[],"_links":{"self":[{"href":"https:\/\/triex.hu\/hu\/wp-json\/wp\/v2\/pages\/7"}],"collection":[{"href":"https:\/\/triex.hu\/hu\/wp-json\/wp\/v2\/pages"}],"about":[{"href":"https:\/\/triex.hu\/hu\/wp-json\/wp\/v2\/types\/page"}],"author":[{"embeddable":true,"href":"https:\/\/triex.hu\/hu\/wp-json\/wp\/v2\/users\/1"}],"replies":[{"embeddable":true,"href":"https:\/\/triex.hu\/hu\/wp-json\/wp\/v2\/comments?post=7"}],"version-history":[{"count":0,"href":"https:\/\/triex.hu\/hu\/wp-json\/wp\/v2\/pages\/7\/revisions"}],"wp:attachment":[{"href":"https:\/\/triex.hu\/hu\/wp-json\/wp\/v2\/media?parent=7"}],"curies":[{"name":"wp","href":"https:\/\/api.w.org\/{rel}","templated":true}]}}