{"id":851,"date":"2017-12-11T15:04:03","date_gmt":"2017-12-11T13:04:03","guid":{"rendered":"http:\/\/sze-dent.horvathkaroly.com\/?page_id=851"},"modified":"2019-02-12T21:01:19","modified_gmt":"2019-02-12T19:01:19","slug":"altalanos-szellozes","status":"publish","type":"page","link":"https:\/\/triex.hu\/hu\/megoldasaink\/altalanos-szellozes\/","title":{"rendered":"\u00c1ltal\u00e1nos szell\u0151z\u00e9s"},"content":{"rendered":"<section class=\"wpb-content-wrapper\"><p>[vc_row][vc_column][vc_column_text css=&#8221;.vc_custom_1549998078312{margin-bottom: 15px !important;}&#8221;]<\/p>\n<h1 style=\"text-align: left;\">\u00c1ltal\u00e1nos szell\u0151z\u00e9s<\/h1>\n<p>[\/vc_column_text][vc_separator color=&#8221;custom&#8221; align=&#8221;align_left&#8221; border_width=&#8221;5&#8243; el_width=&#8221;10&#8243; accent_color=&#8221;#9a8240&#8243; css=&#8221;.vc_custom_1549997661019{margin-bottom: 50px !important;}&#8221;][\/vc_column][\/vc_row][vc_row][vc_column]<div class=\"aio-icon-component  vc_custom_1549993045462   style_1\"><div id=\"Info-box-wrap-6561\" class=\"aio-icon-box left-icon\" style=\"\"  ><div class=\"aio-icon-left\"><div class=\"ult-just-icon-wrapper  \"><div class=\"align-icon\" style=\"text-align:center;\">\n<div class=\"aio-icon circle \"  style=\"color:#ffffff;background:#9a8240;font-size:20px;display:inline-block;\">\n\t<i class=\"Defaults-angle-right\"><\/i>\n<\/div><\/div><\/div><\/div><div class=\"aio-ibd-block\"><div class=\"aio-icon-header\" ><h3 class=\"aio-icon-title ult-responsive\"  data-ultimate-target='#Info-box-wrap-6561 .aio-icon-title'  data-responsive-json-new='{\"font-size\":\"desktop:21px;\",\"line-height\":\"\"}'  style=\"\">A probl\u00e9ma<\/h3><\/div> <!-- header --><\/div> <!-- aio-ibd-block --><\/div> <!-- aio-icon-box --><\/div> <!-- aio-icon-component -->[vc_column_text]<\/p>\n<p style=\"text-align: justify;\">Az \u00fczemekben az el\u00e9gtelen \u00e1tszell\u0151z\u00e9s (nem megfelel\u0151 \u00e1t\u00f6bl\u00edt\u00e9s, helyi stagn\u00e1l\u00f3 \u00e1raml\u00e1si z\u00f3n\u00e1k) \u00e1ltal\u00e1nos probl\u00e9ma. A \u201eminden ajt\u00f3 nyitva\u201d megold\u00e1ssal a gond az, hogy a hideg leveg\u0151 nem csak k\u00edv\u00fclr\u0151l h\u0171ti a falszerkezetet hanem bel\u00fclr\u0151l is, ez\u00e1ltal a fal bels\u0151 oldal\u00e1nak h\u0151m\u00e9rs\u00e9klete tart\u00f3san harmatpont al\u00e1 cs\u00f6kken az adott l\u00e9g\u00e1llapotot tekintve. A harmatponti h\u0151m\u00e9rs\u00e9klet, a p\u00e1rakicsap\u00f3d\u00e1s a gomb\u00e1k megjelen\u00e9s\u00e9hez, elszaporod\u00e1s\u00e1hoz vezet, melynek eredm\u00e9nye az \u00e9ves fest\u00e9s \u2013 amely nem sz\u00fcnteti meg a probl\u00e9m\u00e1t csak ideiglenesen fedi el azt.<\/p>\n<p>[\/vc_column_text]<div class=\"aio-icon-component  vc_custom_1549994537882   style_1\"><div id=\"Info-box-wrap-1901\" class=\"aio-icon-box left-icon\" style=\"\"  ><div class=\"aio-icon-left\"><div class=\"ult-just-icon-wrapper  \"><div class=\"align-icon\" style=\"text-align:center;\">\n<div class=\"aio-icon circle \"  style=\"color:#ffffff;background:#9a8240;font-size:20px;display:inline-block;\">\n\t<i class=\"Defaults-angle-right\"><\/i>\n<\/div><\/div><\/div><\/div><div class=\"aio-ibd-block\"><div class=\"aio-icon-header\" ><h3 class=\"aio-icon-title ult-responsive\"  data-ultimate-target='#Info-box-wrap-1901 .aio-icon-title'  data-responsive-json-new='{\"font-size\":\"desktop:21px;\",\"line-height\":\"\"}'  style=\"\">A megold\u00e1s<\/h3><\/div> <!-- header --><\/div> <!-- aio-ibd-block --><\/div> <!-- aio-icon-box --><\/div> <!-- aio-icon-component -->[vc_column_text]<\/p>\n<p style=\"text-align: justify;\">A p\u00e9ks\u00e9gekben h\u0151visszanyer\u0151s (energiatakar\u00e9kos) szell\u0151z\u00e9s be\u00e9p\u00edt\u00e9se javasolt. Az ilyen jelleg\u0171 g\u00e9pi szell\u0151ztet\u00e9s abban t\u00e9r el a hagyom\u00e1nyos \u201eajt\u00f3s\u201d szell\u0151ztet\u00e9st\u0151l, hogy az elsz\u00edvott leveg\u0151 (kidobott leveg\u0151), el\u0151meleg\u00edti a t\u00e9rbe bef\u00fajt leveg\u0151t, vagyis energi\u00e1t takar\u00edtunk meg, mert nem kell a bef\u00fajt leveg\u0151t nagyon hideg \u00e1llapotr\u00f3l visszameleg\u00edteni. A h\u0151visszanyer\u00e9s hat\u00e1sfoka ~60%, vagyis jelen esetben is sz\u00fcks\u00e9ges a fennmarad\u00f3 40% leveg\u0151 felf\u0171t\u00e9se, azonban a felmeleg\u00edtett leveg\u0151 relat\u00edv p\u00e1ratartalma nagyon lecs\u00f6kken felf\u0171t\u00e9s hat\u00e1s\u00e1ra, \u00edgy a bels\u0151 nedves leveg\u0151vel keveredve egy a kett\u0151 k\u00f6zti \u2013 alacsonyabb p\u00e1ratartalm\u00fa leveg\u0151t fog l\u00e9tre hozni. Mivel a bels\u0151 falakat nem h\u0171tj\u00fck bel\u00fclr\u0151l is, \u00edgy az alacsonyabb p\u00e1ratartalm\u0171 kevert leveg\u0151 harmatpontja magasabb lesz, vagyis a falon p\u00e1rakicsap\u00f3d\u00e1s nem fog jelentkezni, \u00edgy ez v\u00e9glegesen megsz\u0171ntetheti a probl\u00e9m\u00e1t.<\/p>\n<p>[\/vc_column_text]<div class=\"aio-icon-component  vc_custom_1549994080091   style_1\"><div id=\"Info-box-wrap-8146\" class=\"aio-icon-box left-icon\" style=\"\"  ><div class=\"aio-icon-left\"><div class=\"ult-just-icon-wrapper  \"><div class=\"align-icon\" style=\"text-align:center;\">\n<div class=\"aio-icon circle \"  style=\"color:#ffffff;background:#9a8240;font-size:20px;display:inline-block;\">\n\t<i class=\"Defaults-angle-right\"><\/i>\n<\/div><\/div><\/div><\/div><div class=\"aio-ibd-block\"><div class=\"aio-icon-header\" ><h3 class=\"aio-icon-title ult-responsive\"  data-ultimate-target='#Info-box-wrap-8146 .aio-icon-title'  data-responsive-json-new='{\"font-size\":\"desktop:21px;\",\"line-height\":\"\"}'  style=\"\">Rendszerbe illeszt\u00e9s<\/h3><\/div> <!-- header --><\/div> <!-- aio-ibd-block --><\/div> <!-- aio-icon-box --><\/div> <!-- aio-icon-component -->[vc_column_text]<\/p>\n<p style=\"text-align: justify;\">A szell\u0151z\u0151 h\u00e1l\u00f3zat \u00f6n\u00e1ll\u00f3 rendszerk\u00e9nt m\u0171k\u00f6dik. A h\u0151visszanyer\u0151s szell\u0151z\u0151 f\u0171t\u0151 kalorifere a f\u0171t\u00e9si rendszerre csatlakozik, szab\u00e1lyoz\u00e1s\u00e1t k\u00f6zpontilag val\u00f3s\u00edtjuk meg. A l\u00e9gkezel\u0151 padl\u00e1sra, belt\u00e9rbe, tet\u0151re (k\u00fclt\u00e9rbe) is telep\u00edthet\u0151. Amennyiben \u00e9rdeklik a r\u00e9szletek keressenek minket!<\/p>\n<p>[\/vc_column_text][\/vc_column][\/vc_row]<\/p>\n<\/section>","protected":false},"excerpt":{"rendered":"<p>[vc_row][vc_column][vc_column_text css=&#8221;.vc_custom_1549998078312{margin-bottom: 15px !important;}&#8221;] \u00c1ltal\u00e1nos szell\u0151z\u00e9s [\/vc_column_text][vc_separator color=&#8221;custom&#8221; align=&#8221;align_left&#8221; border_width=&#8221;5&#8243; el_width=&#8221;10&#8243; accent_color=&#8221;#9a8240&#8243; css=&#8221;.vc_custom_1549997661019{margin-bottom: 50px !important;}&#8221;][\/vc_column][\/vc_row][vc_row][vc_column][vc_column_text] Az \u00fczemekben az el\u00e9gtelen \u00e1tszell\u0151z\u00e9s (nem megfelel\u0151 \u00e1t\u00f6bl\u00edt\u00e9s, helyi stagn\u00e1l\u00f3 \u00e1raml\u00e1si z\u00f3n\u00e1k) \u00e1ltal\u00e1nos probl\u00e9ma. A \u201eminden ajt\u00f3 nyitva\u201d megold\u00e1ssal a gond az, hogy a hideg leveg\u0151 nem csak k\u00edv\u00fclr\u0151l h\u0171ti a falszerkezetet hanem bel\u00fclr\u0151l is, ez\u00e1ltal a fal bels\u0151 oldal\u00e1nak&hellip;<\/p>\n","protected":false},"author":1,"featured_media":0,"parent":18,"menu_order":0,"comment_status":"closed","ping_status":"closed","template":"","meta":[],"_links":{"self":[{"href":"https:\/\/triex.hu\/hu\/wp-json\/wp\/v2\/pages\/851"}],"collection":[{"href":"https:\/\/triex.hu\/hu\/wp-json\/wp\/v2\/pages"}],"about":[{"href":"https:\/\/triex.hu\/hu\/wp-json\/wp\/v2\/types\/page"}],"author":[{"embeddable":true,"href":"https:\/\/triex.hu\/hu\/wp-json\/wp\/v2\/users\/1"}],"replies":[{"embeddable":true,"href":"https:\/\/triex.hu\/hu\/wp-json\/wp\/v2\/comments?post=851"}],"version-history":[{"count":0,"href":"https:\/\/triex.hu\/hu\/wp-json\/wp\/v2\/pages\/851\/revisions"}],"up":[{"embeddable":true,"href":"https:\/\/triex.hu\/hu\/wp-json\/wp\/v2\/pages\/18"}],"wp:attachment":[{"href":"https:\/\/triex.hu\/hu\/wp-json\/wp\/v2\/media?parent=851"}],"curies":[{"name":"wp","href":"https:\/\/api.w.org\/{rel}","templated":true}]}}